{"id":148508,"date":"2022-06-06T15:30:37","date_gmt":"2025-05-04T09:38:56","guid":{"rendered":"https:\/\/kingarms.ee\/product\/hs510c-solar-red-circle-dot-sight-holosun\/"},"modified":"2025-05-04T12:38:56","modified_gmt":"2025-05-04T09:38:56","slug":"hs510c-solar-red-circle-dot-sight-holosun","status":"publish","type":"product","link":"https:\/\/kingarms.ee\/lv\/product\/hs510c-solar-red-circle-dot-sight-holosun\/","title":{"rendered":"HS510C Solar Red Circle Dot Sight Holosun"},"content":{"rendered":"","protected":false},"excerpt":{"rendered":"<p>HS510C Solar Red Circle Dot Sight Holosun<\/p>\n<p>HS510C ir atv\u0113rts atstarojo\u0161s optiskais t\u0101lskatis, kas paredz\u0113ts izmanto\u0161anai \u0161auten\u0113s un karab\u012bn\u0113s. Funkcij\u0101s ietilpst Holosun Super LED ar l\u012bdz pat 50 000 stundu akumulatora darb\u012bbas laiku, vair\u0101ku da\u013ci\u0146u sist\u0113ma, saules av\u0101rijas aizsardz\u012bba un krat\u012b\u0161anas modin\u0101t\u0101js.<\/p>\n<p><strong>Solar Failsafe\u2122 <\/strong>Holosun bija pirmais, kas izgudroja iesp\u0113ju darbin\u0101t elektronisko optiku tikai ar gaismas ener\u0123iju! M\u016bsu ier\u012bces, kas apr\u012bkotas ar \u0161o funkciju, sniedz jums p\u0101rliec\u012bbu, ka gad\u012bjum\u0101, ja akumulators ir saboj\u0101jies, optika joproj\u0101m b\u016bs piln\u012bb\u0101 funkcion\u0113jo\u0161a, ja vien ir pietiekami daudz apk\u0101rt\u0113j\u0101s gaismas. Nav svar\u012bgi, vai gaisma ir dabiska vai m\u0101ksl\u012bga. Turkl\u0101t saules bateriju mas\u012bvs darbojas ar\u012b k\u0101 gaismas sensors, kas \u013cauj ier\u012bcei autom\u0101tiski piel\u0101got spilgtumu, lai piel\u0101gotos apk\u0101rt\u0113jai videi.<\/p>\n<p><strong>Shake Awake\u2122 <\/strong>V\u0113l viena lieliska Holosun rad\u012bta tehnolo\u0123ija ir Shake Awake\u2122. \u0160\u012b lielisk\u0101 funkcija \u013cauj optiskajam sensoram autom\u0101tiski p\u0101riet miega re\u017e\u012bm\u0101, ja ier\u012bce nav konstat\u0113jusi nek\u0101da veida kust\u012bbu vai vibr\u0101ciju noteikt\u0101 laika period\u0101, ko var programm\u0113t operators. Tom\u0113r, tikl\u012bdz ier\u012bce konstat\u0113s kust\u012bbu, t\u0101 autom\u0101tiski iesl\u0113gsies un atcer\u0113sies p\u0113d\u0113jo izmantoto spilgtumu. \u0160\u012b lielisk\u0101 funkcija pal\u012bdz pagarin\u0101t akumulatora darb\u012bbas laiku un nodro\u0161ina, ka ier\u012bce ir iesl\u0113gta un gatava, kad t\u0101 ir nepiecie\u0161ama!<\/p>\n<p><strong>Daudzk\u0101rt\u0113ja m\u0113r\u0137tiec\u012bbas sist\u0113ma (M.R.S.) <\/strong>M.R.S. nodro\u0161ina lietot\u0101jam iesp\u0113ju elast\u012bgi izmantot optiku p\u0113c vajadz\u012bbas. Ier\u012bces ar \u0161o funkciju \u013cauj lietot\u0101jam iesl\u0113gt vai izsl\u0113gt atsevi\u0161\u0137as m\u0113r\u0137tieces da\u013cas, t\u0101d\u0113j\u0101di nodro\u0161inot ide\u0101lu m\u0113r\u0137tieces iestat\u012bjumu konkr\u0113tajam darbam. Ja nepiecie\u0161ams prec\u012bzs \u0161\u0101viens, var izmantot tikai 2MOA punktu. Ja jums nepiecie\u0161ama m\u0113r\u0137t\u0113ls \u0101trai m\u0113r\u0137a uztver\u0161anai, vienk\u0101r\u0161i iesl\u0113dziet papildu 65MOA gredzenu, nospie\u017eot vienu pogu! Lab\u0101k\u0101 da\u013ca&#8230;.p\u0101rsl\u0113dzot m\u0113r\u0137tiec\u012bbas optikas optiku, nav nepiecie\u0161ams atk\u0101rtoti iestat\u012bt iestat\u012bjumu !<\/p>\n","protected":false},"featured_media":122192,"template":"","meta":{"_acf_changed":false},"product_brand":[],"product_cat":[1031],"product_tag":[],"class_list":{"0":"post-148508","1":"product","2":"type-product","3":"status-publish","4":"has-post-thumbnail","6":"product_cat-sarkana-vieta","8":"first","9":"onbackorder","10":"taxable","11":"shipping-taxable","12":"product-type-simple"},"acf":[],"_links":{"self":[{"href":"https:\/\/kingarms.ee\/lv\/wp-json\/wp\/v2\/product\/148508","targetHints":{"allow":["GET"]}}],"collection":[{"href":"https:\/\/kingarms.ee\/lv\/wp-json\/wp\/v2\/product"}],"about":[{"href":"https:\/\/kingarms.ee\/lv\/wp-json\/wp\/v2\/types\/product"}],"wp:featuredmedia":[{"embeddable":true,"href":"https:\/\/kingarms.ee\/lv\/wp-json\/wp\/v2\/media\/122192"}],"wp:attachment":[{"href":"https:\/\/kingarms.ee\/lv\/wp-json\/wp\/v2\/media?parent=148508"}],"wp:term":[{"taxonomy":"product_brand","embeddable":true,"href":"https:\/\/kingarms.ee\/lv\/wp-json\/wp\/v2\/product_brand?post=148508"},{"taxonomy":"product_cat","embeddable":true,"href":"https:\/\/kingarms.ee\/lv\/wp-json\/wp\/v2\/product_cat?post=148508"},{"taxonomy":"product_tag","embeddable":true,"href":"https:\/\/kingarms.ee\/lv\/wp-json\/wp\/v2\/product_tag?post=148508"}],"curies":[{"name":"wp","href":"https:\/\/api.w.org\/{rel}","templated":true}]}}