{"id":148511,"date":"2022-06-06T15:22:40","date_gmt":"2025-05-04T09:42:57","guid":{"rendered":"https:\/\/kingarms.ee\/product\/m620u-ierocu-lukturis-night-evolution\/"},"modified":"2025-05-04T12:42:57","modified_gmt":"2025-05-04T09:42:57","slug":"m620u-ierocu-lukturis-night-evolution","status":"publish","type":"product","link":"https:\/\/kingarms.ee\/lv\/product\/m620u-ierocu-lukturis-night-evolution\/","title":{"rendered":"M620U iero\u010du lukturis [Night Evolution]"},"content":{"rendered":"","protected":false},"excerpt":{"rendered":"<p>M620U iero\u010du lukturis [Night Evolution]<\/p>\n<p>Gaisma CREE XP-G R5 LED 450 l\u016bmeni<br \/>\nO-RING iek\u0161pus\u0113 aizz\u012bmogots<br \/>\nmateri\u0101ls: ALUM\u012aNIJS CNC<br \/>\nsvars: aptuveni 140gr<br \/>\ngarums: 138 mm<br \/>\nM93 \u0101tr\u0101 atbr\u012bvo\u0161ana 20 mm<br \/>\ndarbojas ar 2x CR123 baterij\u0101m (NAV Iek\u013cautas komplekt\u0101)<br \/>\nFIXED LIGHT funkcija (vair\u0101k nek\u0101 60 min\u016btes vienm\u0113r iesl\u0113gta)<\/p>\n","protected":false},"featured_media":122001,"template":"","meta":{"_acf_changed":false},"product_brand":[],"product_cat":[1037],"product_tag":[],"class_list":{"0":"post-148511","1":"product","2":"type-product","3":"status-publish","4":"has-post-thumbnail","6":"product_cat-lukturisi","8":"first","9":"instock","10":"taxable","11":"shipping-taxable","12":"purchasable","13":"product-type-simple"},"acf":[],"_links":{"self":[{"href":"https:\/\/kingarms.ee\/lv\/wp-json\/wp\/v2\/product\/148511","targetHints":{"allow":["GET"]}}],"collection":[{"href":"https:\/\/kingarms.ee\/lv\/wp-json\/wp\/v2\/product"}],"about":[{"href":"https:\/\/kingarms.ee\/lv\/wp-json\/wp\/v2\/types\/product"}],"wp:featuredmedia":[{"embeddable":true,"href":"https:\/\/kingarms.ee\/lv\/wp-json\/wp\/v2\/media\/122001"}],"wp:attachment":[{"href":"https:\/\/kingarms.ee\/lv\/wp-json\/wp\/v2\/media?parent=148511"}],"wp:term":[{"taxonomy":"product_brand","embeddable":true,"href":"https:\/\/kingarms.ee\/lv\/wp-json\/wp\/v2\/product_brand?post=148511"},{"taxonomy":"product_cat","embeddable":true,"href":"https:\/\/kingarms.ee\/lv\/wp-json\/wp\/v2\/product_cat?post=148511"},{"taxonomy":"product_tag","embeddable":true,"href":"https:\/\/kingarms.ee\/lv\/wp-json\/wp\/v2\/product_tag?post=148511"}],"curies":[{"name":"wp","href":"https:\/\/api.w.org\/{rel}","templated":true}]}}