{"id":148513,"date":"2022-06-06T15:19:50","date_gmt":"2025-05-04T09:45:46","guid":{"rendered":"https:\/\/kingarms.ee\/product\/iii-paaudzes-kiveres-gaismas-nakts-evolucija\/"},"modified":"2025-05-04T12:45:46","modified_gmt":"2025-05-04T09:45:46","slug":"iii-paaudzes-kiveres-gaismas-nakts-evolucija","status":"publish","type":"product","link":"https:\/\/kingarms.ee\/lv\/product\/iii-paaudzes-kiveres-gaismas-nakts-evolucija\/","title":{"rendered":"III paaudzes \u0137iveres gaismas nakts evol\u016bcija"},"content":{"rendered":"","protected":false},"excerpt":{"rendered":"<p>III paaudzes \u0137iveres gaismas nakts evol\u016bcija<\/p>\n<p>Nakts Evolution \u0137iveres gaismas komplekts III paaudzes, gaismas blok\u0101 ir 3 baltas LED, 2 sarkanas LED un infrasarkan\u0101 IFF LED b\u0101ka, kas nodro\u0161ina 30 l\u016bmenu LED gaismas izvadi v\u0101j\u0101 apgaismojum\u0101. Komplekt\u0101 ir divi adaptera stiprin\u0101jumi gan Molle platformai, gan MICH \u0137iverei, kas sniedz lietot\u0101jam vair\u0101k iesp\u0113ju piestiprin\u0101t gaismas vien\u012bbu.<\/p>\n<p><strong>Funkcijas:<\/strong><br \/>\n&#8211; Tr\u012bs izejas re\u017e\u012bmi ar 3 balt\u0101m LED, 2 sarkan\u0101m LED un infrasarkano IFF LED b\u0101kugun\u012bm<br \/>\n&#8211; Komplekt\u0101 ir 3 spilgtuma regul\u0113\u0161anas l\u012bme\u0146i<br \/>\n&#8211; Divi p\u0101rsl\u0113dzamie sl\u0113d\u017ei un spiediena sl\u0113dzis piln\u012bgai kontrolei<br \/>\n&#8211; Komplekt\u0101 ir Molle adaptera stiprin\u0101jums, kas nodro\u0161ina 125 le\u0146\u0137a regul\u0113\u0161anu<br \/>\n&#8211; Komplekt\u0101 ir MICH \u0137iveres stiprin\u0101jums<br \/>\n&#8211; Str\u0101d\u0101 ar CR123A (3,0 V) vai 16430 (3,7 V) baterij\u0101m<\/p>\n","protected":false},"featured_media":122140,"template":"","meta":{"_acf_changed":false},"product_brand":[],"product_cat":[1036],"product_tag":[],"class_list":{"0":"post-148513","1":"product","2":"type-product","3":"status-publish","4":"has-post-thumbnail","6":"product_cat-lukturi","8":"first","9":"instock","10":"taxable","11":"shipping-taxable","12":"purchasable","13":"product-type-simple"},"acf":[],"_links":{"self":[{"href":"https:\/\/kingarms.ee\/lv\/wp-json\/wp\/v2\/product\/148513","targetHints":{"allow":["GET"]}}],"collection":[{"href":"https:\/\/kingarms.ee\/lv\/wp-json\/wp\/v2\/product"}],"about":[{"href":"https:\/\/kingarms.ee\/lv\/wp-json\/wp\/v2\/types\/product"}],"wp:featuredmedia":[{"embeddable":true,"href":"https:\/\/kingarms.ee\/lv\/wp-json\/wp\/v2\/media\/122140"}],"wp:attachment":[{"href":"https:\/\/kingarms.ee\/lv\/wp-json\/wp\/v2\/media?parent=148513"}],"wp:term":[{"taxonomy":"product_brand","embeddable":true,"href":"https:\/\/kingarms.ee\/lv\/wp-json\/wp\/v2\/product_brand?post=148513"},{"taxonomy":"product_cat","embeddable":true,"href":"https:\/\/kingarms.ee\/lv\/wp-json\/wp\/v2\/product_cat?post=148513"},{"taxonomy":"product_tag","embeddable":true,"href":"https:\/\/kingarms.ee\/lv\/wp-json\/wp\/v2\/product_tag?post=148513"}],"curies":[{"name":"wp","href":"https:\/\/api.w.org\/{rel}","templated":true}]}}