{"id":148515,"date":"2022-06-06T15:17:47","date_gmt":"2025-05-04T09:49:04","guid":{"rendered":"https:\/\/kingarms.ee\/product\/hs512c-solar-red-circle-dot-sight-holosun\/"},"modified":"2025-05-04T12:49:04","modified_gmt":"2025-05-04T09:49:04","slug":"hs512c-solar-red-circle-dot-sight-holosun","status":"publish","type":"product","link":"https:\/\/kingarms.ee\/lv\/product\/hs512c-solar-red-circle-dot-sight-holosun\/","title":{"rendered":"HS512C Solar Red Circle Dot Sight Holosun"},"content":{"rendered":"","protected":false},"excerpt":{"rendered":"<p>HS512C Solar Red Circle Dot Sight Holosun<\/p>\n<p>HS512C ir sl\u0113gts atstarojo\u0161s optiskais t\u0101lskatis, kas paredz\u0113ts \u0161auten\u0113m un karab\u012bn\u0113m. Funkcij\u0101s ietilpst Holosun Super LED ar l\u012bdz pat 50 000 stundu akumulatora darb\u012bbas laiku, vair\u0101ku da\u013ci\u0146u sist\u0113ma, saules av\u0101rijas aizsardz\u012bba un krat\u012b\u0161anas modin\u0101t\u0101js.<\/p>\n<p style=\"font-weight: 400;\"><b><strong>Saules av\u0101rijas aizsardz\u012bba<\/strong><\/b><\/p>\n<p style=\"font-weight: 400;\">Holosun Solar Failsafe tehnolo\u0123ija ir inovat\u012bva funkcija, ko Holosun pirmo reizi ieviesa sarkan\u0101 punkta m\u0113r\u0137\u012b.<\/p>\n<p style=\"font-weight: 400;\">Solar Failsafe \u013cauj saglab\u0101t sarkan\u0101 punkta t\u0101lskata darb\u012bbu, ja akumulators nedarbojas.<\/p>\n<p style=\"font-weight: 400;\">Holosun optika ar Solar Failsafe nodro\u0161ina autom\u0101tisku spilgtuma regul\u0113\u0161anu; kad atrodaties zem saules, jums ir spilgta m\u0113r\u0137t\u0113le, bet, p\u0101rce\u013coties telp\u0101s, t\u0101 autom\u0101tiski samazin\u0101sies, lai atbilstu apk\u0101rt\u0113j\u0101 apgaismojuma apst\u0101k\u013ciem.<\/p>\n<p style=\"font-weight: 400;\"><b><strong>Satricin\u0101t nomod\u0101<\/strong><\/b><\/p>\n<p style=\"font-weight: 400;\"><b><strong>Kad krat\u0101t optiku:<\/strong><\/b> Ieb\u016bv\u0113tais kust\u012bbas sensors pie maz\u0101k\u0101s kust\u012bbas uzreiz aktiviz\u0113 gaismas diodi.<\/p>\n<p style=\"font-weight: 400;\">Holosun krat\u012b\u0161anas tehnolo\u0123ija Shake Awake izsl\u0113dz gaismas diodi bezkust\u012bbas periodos.<\/p>\n<p style=\"font-weight: 400;\">Laiks, kas nepiecie\u0161ams, lai gaismas diode deaktiviz\u0113tos (p\u0101rietu miega re\u017e\u012bm\u0101), ir programm\u0113jams. Shake Awake var ar\u012b piln\u012bb\u0101 deaktiviz\u0113t, t\u0101d\u0113j\u0101di optiskais t\u0101lrunis ir iesl\u0113gts l\u012bdz pat 100 t\u016bksto\u0161iem stundu (da\u017eiem mode\u013ciem). <\/p>\n<p style=\"font-weight: 400;\"><b><strong>Vair\u0101ku m\u0113r\u0137auditoriju sist\u0113ma<\/strong><\/b><\/p>\n<p style=\"font-weight: 400;\">M.R.S. nodro\u0161ina lietot\u0101jam iesp\u0113ju elast\u012bgi izmantot optiku p\u0113c vajadz\u012bbas. Ier\u012bces ar \u0161o funkciju \u013cauj lietot\u0101jam iesl\u0113gt vai izsl\u0113gt atsevi\u0161\u0137as m\u0113r\u0137tieces da\u013cas, t\u0101d\u0113j\u0101di nodro\u0161inot ide\u0101lu m\u0113r\u0137tieces iestat\u012bjumu konkr\u0113tajam darbam. <\/p>\n<p style=\"font-weight: 400;\"><b><strong>Super LED<\/strong><\/b><\/p>\n<p style=\"font-weight: 400;\">Holosun Super LED gaismas diodes nodro\u0161ina daudzveid\u012bgu intensit\u0101tes diapazonu visspilgt\u0101kaj\u0101s vid\u0113s l\u012bdz pat bezgaismas situ\u0101cij\u0101m.<\/p>\n<p style=\"font-weight: 400;\">Funkcija: Augsta gaismas efektivit\u0101te, cilv\u0113ka acs ir jut\u012bg\u0101ka un \u0113rt\u0101ka pret zelta un za\u013co kr\u0101su (augsta vizu\u0101l\u0101 funkcija).<\/p>\n<p style=\"font-weight: 400;\">Super za\u013c\u0101 LED ne tikai sniedz lietot\u0101jam iesp\u0113ju tiem, kam ir gr\u016bt\u012bbas redz\u0113t sarkano kr\u0101su spektr\u0101, bet ar\u012b nodro\u0161ina liel\u0101ku energoefektivit\u0101ti, izmantojot optiku ar augstu spilgtumu.<\/p>\n","protected":false},"featured_media":122208,"template":"","meta":{"_acf_changed":false},"product_brand":[],"product_cat":[1031],"product_tag":[],"class_list":{"0":"post-148515","1":"product","2":"type-product","3":"status-publish","4":"has-post-thumbnail","6":"product_cat-sarkana-vieta","8":"first","9":"onbackorder","10":"taxable","11":"shipping-taxable","12":"product-type-simple"},"acf":[],"_links":{"self":[{"href":"https:\/\/kingarms.ee\/lv\/wp-json\/wp\/v2\/product\/148515","targetHints":{"allow":["GET"]}}],"collection":[{"href":"https:\/\/kingarms.ee\/lv\/wp-json\/wp\/v2\/product"}],"about":[{"href":"https:\/\/kingarms.ee\/lv\/wp-json\/wp\/v2\/types\/product"}],"wp:featuredmedia":[{"embeddable":true,"href":"https:\/\/kingarms.ee\/lv\/wp-json\/wp\/v2\/media\/122208"}],"wp:attachment":[{"href":"https:\/\/kingarms.ee\/lv\/wp-json\/wp\/v2\/media?parent=148515"}],"wp:term":[{"taxonomy":"product_brand","embeddable":true,"href":"https:\/\/kingarms.ee\/lv\/wp-json\/wp\/v2\/product_brand?post=148515"},{"taxonomy":"product_cat","embeddable":true,"href":"https:\/\/kingarms.ee\/lv\/wp-json\/wp\/v2\/product_cat?post=148515"},{"taxonomy":"product_tag","embeddable":true,"href":"https:\/\/kingarms.ee\/lv\/wp-json\/wp\/v2\/product_tag?post=148515"}],"curies":[{"name":"wp","href":"https:\/\/api.w.org\/{rel}","templated":true}]}}