{"id":148517,"date":"2022-06-06T15:14:12","date_gmt":"2025-05-04T09:51:57","guid":{"rendered":"https:\/\/kingarms.ee\/product\/x300v-lukturitis-night-evolution\/"},"modified":"2025-05-04T12:51:57","modified_gmt":"2025-05-04T09:51:57","slug":"x300v-lukturitis-night-evolution","status":"publish","type":"product","link":"https:\/\/kingarms.ee\/lv\/product\/x300v-lukturitis-night-evolution\/","title":{"rendered":"X300V luktur\u012btis Night Evolution"},"content":{"rendered":"","protected":false},"excerpt":{"rendered":"<p>X300V luktur\u012btis Night Evolution<\/p>\n<p>Jaud\u012bgajam un daudzpus\u012bgajam Night Evolution X300V ir augstas veiktsp\u0113jas LED, kas \u0123ener\u0113 satrieco\u0161u baltu stroboskopisku gaismu, radot \u0161auru staru k\u016bli ar papla\u0161in\u0101tu darb\u012bbas lauku un iev\u0113rojamu apk\u0101rt\u0113jo gaismu perif\u0113r\u0101s redzam\u012bbas nodro\u0161in\u0101\u0161anai. Praktiski neizn\u012bcin\u0101ms un \u013coti efekt\u012bvs LED \u0123ener\u0113 taktisk\u0101 l\u012bme\u0146a gaismu, kas ir vair\u0101k nek\u0101 pietiekami, lai p\u0101rsp\u0113tu agresora tumsai piel\u0101gotu redzam\u012bbu.<\/p>\n","protected":false},"featured_media":122114,"template":"","meta":{"_acf_changed":false},"product_brand":[],"product_cat":[1037],"product_tag":[],"class_list":{"0":"post-148517","1":"product","2":"type-product","3":"status-publish","4":"has-post-thumbnail","6":"product_cat-lukturisi","8":"first","9":"instock","10":"taxable","11":"shipping-taxable","12":"purchasable","13":"product-type-simple"},"acf":[],"_links":{"self":[{"href":"https:\/\/kingarms.ee\/lv\/wp-json\/wp\/v2\/product\/148517","targetHints":{"allow":["GET"]}}],"collection":[{"href":"https:\/\/kingarms.ee\/lv\/wp-json\/wp\/v2\/product"}],"about":[{"href":"https:\/\/kingarms.ee\/lv\/wp-json\/wp\/v2\/types\/product"}],"wp:featuredmedia":[{"embeddable":true,"href":"https:\/\/kingarms.ee\/lv\/wp-json\/wp\/v2\/media\/122114"}],"wp:attachment":[{"href":"https:\/\/kingarms.ee\/lv\/wp-json\/wp\/v2\/media?parent=148517"}],"wp:term":[{"taxonomy":"product_brand","embeddable":true,"href":"https:\/\/kingarms.ee\/lv\/wp-json\/wp\/v2\/product_brand?post=148517"},{"taxonomy":"product_cat","embeddable":true,"href":"https:\/\/kingarms.ee\/lv\/wp-json\/wp\/v2\/product_cat?post=148517"},{"taxonomy":"product_tag","embeddable":true,"href":"https:\/\/kingarms.ee\/lv\/wp-json\/wp\/v2\/product_tag?post=148517"}],"curies":[{"name":"wp","href":"https:\/\/api.w.org\/{rel}","templated":true}]}}