{"id":148523,"date":"2022-06-06T15:04:53","date_gmt":"2025-05-04T09:59:01","guid":{"rendered":"https:\/\/kingarms.ee\/product\/m600w-skautu-ieroca-nakts-evolucija\/"},"modified":"2025-05-04T12:59:01","modified_gmt":"2025-05-04T09:59:01","slug":"m600w-skautu-ieroca-nakts-evolucija","status":"publish","type":"product","link":"https:\/\/kingarms.ee\/lv\/product\/m600w-skautu-ieroca-nakts-evolucija\/","title":{"rendered":"M600W skautu iero\u010da nakts evol\u016bcija"},"content":{"rendered":"","protected":false},"excerpt":{"rendered":"<p>M600W skautu iero\u010da nakts evol\u016bcija<\/p>\n<p>Kompaktais M600 samazina papildu svaru, atbr\u012bvo vietu uz sl\u012bd\u0146a citiem piederumiem un uzlabo iero\u010da manevr\u0113\u0161anas iesp\u0113jas sal\u012bdzin\u0101jum\u0101 ar liel\u0101kiem WeaponLights. Tas tiek piestiprin\u0101ts ar ieb\u016bv\u0113tu galvas skavu ar rievotu kron\u0161teinu.<\/p>\n<p>\u0160im modelim ir uzst\u0101d\u012bts klik\u0161\u0137a tipa aizmugur\u0113j\u0101 v\u0101ci\u0146a sl\u0113dzis: nospiediet, lai iesl\u0113gtu uz br\u012bdi, nospiediet t\u0101l\u0101k, lai iesl\u0113gtu past\u0101v\u012bgi. Sl\u0113dzis ir aizsarg\u0101ts, lai l\u012bdz minimumam samazin\u0101tu nejau\u0161as aktiviz\u0113\u0161anas iesp\u0113ju. T\u0101lvad\u012bbas lentes sl\u0113dzis ir sader\u012bgs.<\/p>\n<p>Tulkots ar www.DeepL.com\/Translator (bezmaksas versija)<\/p>\n","protected":false},"featured_media":122087,"template":"","meta":{"_acf_changed":false},"product_brand":[],"product_cat":[1037],"product_tag":[],"class_list":{"0":"post-148523","1":"product","2":"type-product","3":"status-publish","4":"has-post-thumbnail","6":"product_cat-lukturisi","8":"first","9":"instock","10":"taxable","11":"shipping-taxable","12":"purchasable","13":"product-type-simple"},"acf":[],"_links":{"self":[{"href":"https:\/\/kingarms.ee\/lv\/wp-json\/wp\/v2\/product\/148523","targetHints":{"allow":["GET"]}}],"collection":[{"href":"https:\/\/kingarms.ee\/lv\/wp-json\/wp\/v2\/product"}],"about":[{"href":"https:\/\/kingarms.ee\/lv\/wp-json\/wp\/v2\/types\/product"}],"wp:featuredmedia":[{"embeddable":true,"href":"https:\/\/kingarms.ee\/lv\/wp-json\/wp\/v2\/media\/122087"}],"wp:attachment":[{"href":"https:\/\/kingarms.ee\/lv\/wp-json\/wp\/v2\/media?parent=148523"}],"wp:term":[{"taxonomy":"product_brand","embeddable":true,"href":"https:\/\/kingarms.ee\/lv\/wp-json\/wp\/v2\/product_brand?post=148523"},{"taxonomy":"product_cat","embeddable":true,"href":"https:\/\/kingarms.ee\/lv\/wp-json\/wp\/v2\/product_cat?post=148523"},{"taxonomy":"product_tag","embeddable":true,"href":"https:\/\/kingarms.ee\/lv\/wp-json\/wp\/v2\/product_tag?post=148523"}],"curies":[{"name":"wp","href":"https:\/\/api.w.org\/{rel}","templated":true}]}}