{"id":148525,"date":"2022-06-06T15:00:19","date_gmt":"2025-05-04T10:01:23","guid":{"rendered":"https:\/\/kingarms.ee\/product\/m300w-km1-a-taktiska-lukturisu-nakts-evolucija\/"},"modified":"2025-05-04T13:01:23","modified_gmt":"2025-05-04T10:01:23","slug":"m300w-km1-a-taktiska-lukturisu-nakts-evolucija","status":"publish","type":"product","link":"https:\/\/kingarms.ee\/lv\/product\/m300w-km1-a-taktiska-lukturisu-nakts-evolucija\/","title":{"rendered":"M300W KM1-A Taktisk\u0101 luktur\u012b\u0161u nakts evol\u016bcija"},"content":{"rendered":"","protected":false},"excerpt":{"rendered":"<p>M300W KM1-A Taktisk\u0101 luktur\u012b\u0161u nakts evol\u016bcija<\/p>\n<p>Kompaktais M300W luktur\u012btis ir lieliska izv\u0113le, ja ir nepiecie\u0161ams neliela izm\u0113ra luktur\u012btis ar iev\u0113rojamu jaudu. Ide\u0101ls papildin\u0101jums lo\u017emet\u0113jiem un karab\u012bn\u0113m, kas apr\u012bkotas ar RIS slied\u0113m. Lukturim ir standarta stiprin\u0101jums 22 mm RIS slied\u0113m.<\/p>\n<p>Lukturis var darboties nep\u0101rtraukt\u0101 un stroboskopa re\u017e\u012bm\u0101. \u0160os re\u017e\u012bmus var p\u0101rsl\u0113gt, izmantojot pogu zem luktur\u012b\u0161a galvas.<\/p>\n","protected":false},"featured_media":122078,"template":"","meta":{"_acf_changed":false},"product_brand":[],"product_cat":[1037],"product_tag":[],"class_list":{"0":"post-148525","1":"product","2":"type-product","3":"status-publish","4":"has-post-thumbnail","6":"product_cat-lukturisi","8":"first","9":"instock","10":"taxable","11":"shipping-taxable","12":"purchasable","13":"product-type-simple"},"acf":[],"_links":{"self":[{"href":"https:\/\/kingarms.ee\/lv\/wp-json\/wp\/v2\/product\/148525","targetHints":{"allow":["GET"]}}],"collection":[{"href":"https:\/\/kingarms.ee\/lv\/wp-json\/wp\/v2\/product"}],"about":[{"href":"https:\/\/kingarms.ee\/lv\/wp-json\/wp\/v2\/types\/product"}],"wp:featuredmedia":[{"embeddable":true,"href":"https:\/\/kingarms.ee\/lv\/wp-json\/wp\/v2\/media\/122078"}],"wp:attachment":[{"href":"https:\/\/kingarms.ee\/lv\/wp-json\/wp\/v2\/media?parent=148525"}],"wp:term":[{"taxonomy":"product_brand","embeddable":true,"href":"https:\/\/kingarms.ee\/lv\/wp-json\/wp\/v2\/product_brand?post=148525"},{"taxonomy":"product_cat","embeddable":true,"href":"https:\/\/kingarms.ee\/lv\/wp-json\/wp\/v2\/product_cat?post=148525"},{"taxonomy":"product_tag","embeddable":true,"href":"https:\/\/kingarms.ee\/lv\/wp-json\/wp\/v2\/product_tag?post=148525"}],"curies":[{"name":"wp","href":"https:\/\/api.w.org\/{rel}","templated":true}]}}