{"id":148533,"date":"2022-06-06T14:24:15","date_gmt":"2025-05-04T10:10:15","guid":{"rendered":"https:\/\/kingarms.ee\/product\/zurnals-gpm9-mk3-gg\/"},"modified":"2025-05-04T13:10:15","modified_gmt":"2025-05-04T10:10:15","slug":"zurnals-gpm9-mk3-gg","status":"publish","type":"product","link":"https:\/\/kingarms.ee\/lv\/product\/zurnals-gpm9-mk3-gg\/","title":{"rendered":"\u017durn\u0101ls GPM9 Mk3 G&amp;G"},"content":{"rendered":"","protected":false},"excerpt":{"rendered":"<p>\u017durn\u0101ls GPM9 Mk3 G&amp;G<\/p>\n<p>G&amp;G met\u0101la g\u0101zes \u017eurn\u0101ls GPM9 Mk3 GBB, ra\u017eots no met\u0101la. 27 6 mm bumbi\u0146u ietilp\u012bba.<\/p>\n","protected":false},"featured_media":122029,"template":"","meta":{"_acf_changed":false},"product_brand":[],"product_cat":[1061,1060],"product_tag":[],"class_list":{"0":"post-148533","1":"product","2":"type-product","3":"status-publish","4":"has-post-thumbnail","6":"product_cat-airsoft-lv","7":"product_cat-krapnieki-un-kabatas","9":"first","10":"onbackorder","11":"taxable","12":"shipping-taxable","13":"product-type-simple"},"acf":[],"_links":{"self":[{"href":"https:\/\/kingarms.ee\/lv\/wp-json\/wp\/v2\/product\/148533","targetHints":{"allow":["GET"]}}],"collection":[{"href":"https:\/\/kingarms.ee\/lv\/wp-json\/wp\/v2\/product"}],"about":[{"href":"https:\/\/kingarms.ee\/lv\/wp-json\/wp\/v2\/types\/product"}],"wp:featuredmedia":[{"embeddable":true,"href":"https:\/\/kingarms.ee\/lv\/wp-json\/wp\/v2\/media\/122029"}],"wp:attachment":[{"href":"https:\/\/kingarms.ee\/lv\/wp-json\/wp\/v2\/media?parent=148533"}],"wp:term":[{"taxonomy":"product_brand","embeddable":true,"href":"https:\/\/kingarms.ee\/lv\/wp-json\/wp\/v2\/product_brand?post=148533"},{"taxonomy":"product_cat","embeddable":true,"href":"https:\/\/kingarms.ee\/lv\/wp-json\/wp\/v2\/product_cat?post=148533"},{"taxonomy":"product_tag","embeddable":true,"href":"https:\/\/kingarms.ee\/lv\/wp-json\/wp\/v2\/product_tag?post=148533"}],"curies":[{"name":"wp","href":"https:\/\/api.w.org\/{rel}","templated":true}]}}