{"id":148536,"date":"2022-06-06T14:14:29","date_gmt":"2025-05-04T10:13:45","guid":{"rendered":"https:\/\/kingarms.ee\/product\/akumulatora-paplate-502-506-406-holosun\/"},"modified":"2025-05-04T13:13:45","modified_gmt":"2025-05-04T10:13:45","slug":"akumulatora-paplate-502-506-406-holosun","status":"publish","type":"product","link":"https:\/\/kingarms.ee\/lv\/product\/akumulatora-paplate-502-506-406-holosun\/","title":{"rendered":"Akumulatora papl\u0101te 502 \/ 506 \/ 406 Holosun"},"content":{"rendered":"","protected":false},"excerpt":{"rendered":"<p>Akumulatora papl\u0101te 502 \/ 506 \/ 406 Holosun<\/p>\n<p>Liels akumulatora paliktnis HOLOSUN cauru\u013cveida atstarot\u0101jiem.<\/p>\n<p>Holosun akumulatoru paliktnis liels, sader\u012bgs ar TUBES HS502, HS506, HS406<\/p>\n<ul>\n<li>TUBES<\/li>\n<li>iztur\u012bgs un viegls<\/li>\n<li>baterijas CR2032 ievieto\u0161ana<\/li>\n<li>viegli lietojams<\/li>\n<li>iztur\u012bga d\u016bralum\u012bnija konstrukcija<\/li>\n<\/ul>\n","protected":false},"featured_media":122212,"template":"","meta":{"_acf_changed":false},"product_brand":[],"product_cat":[1032],"product_tag":[],"class_list":{"0":"post-148536","1":"product","2":"type-product","3":"status-publish","4":"has-post-thumbnail","6":"product_cat-pievienojumi-un-aksesuari","8":"first","9":"instock","10":"taxable","11":"shipping-taxable","12":"purchasable","13":"product-type-simple"},"acf":[],"_links":{"self":[{"href":"https:\/\/kingarms.ee\/lv\/wp-json\/wp\/v2\/product\/148536","targetHints":{"allow":["GET"]}}],"collection":[{"href":"https:\/\/kingarms.ee\/lv\/wp-json\/wp\/v2\/product"}],"about":[{"href":"https:\/\/kingarms.ee\/lv\/wp-json\/wp\/v2\/types\/product"}],"wp:featuredmedia":[{"embeddable":true,"href":"https:\/\/kingarms.ee\/lv\/wp-json\/wp\/v2\/media\/122212"}],"wp:attachment":[{"href":"https:\/\/kingarms.ee\/lv\/wp-json\/wp\/v2\/media?parent=148536"}],"wp:term":[{"taxonomy":"product_brand","embeddable":true,"href":"https:\/\/kingarms.ee\/lv\/wp-json\/wp\/v2\/product_brand?post=148536"},{"taxonomy":"product_cat","embeddable":true,"href":"https:\/\/kingarms.ee\/lv\/wp-json\/wp\/v2\/product_cat?post=148536"},{"taxonomy":"product_tag","embeddable":true,"href":"https:\/\/kingarms.ee\/lv\/wp-json\/wp\/v2\/product_tag?post=148536"}],"curies":[{"name":"wp","href":"https:\/\/api.w.org\/{rel}","templated":true}]}}