{"id":148545,"date":"2022-06-06T13:58:02","date_gmt":"2025-05-04T10:23:51","guid":{"rendered":"https:\/\/kingarms.ee\/product\/m600aa-mini-skautu-ierocu-lukturis-night-evolution\/"},"modified":"2025-05-04T13:23:51","modified_gmt":"2025-05-04T10:23:51","slug":"m600aa-mini-skautu-ierocu-lukturis-night-evolution","status":"publish","type":"product","link":"https:\/\/kingarms.ee\/lv\/product\/m600aa-mini-skautu-ierocu-lukturis-night-evolution\/","title":{"rendered":"M600AA Mini skautu iero\u010du lukturis [Night Evolution]"},"content":{"rendered":"","protected":false},"excerpt":{"rendered":"<p>M600AA Mini skautu iero\u010du lukturis [Night Evolution]<\/p>\n<p>M600AA-BK pievieno ST07 t\u0101lvad\u012bbas sl\u0113d\u017ea komplektu m\u016bsu M600AA-DSS skautu lukturim, lai uzlabotu veiktsp\u0113ju, iesp\u0113jas un daudzpus\u012bbu. T\u0101s pret atvilk\u0161anu iztur\u012bgo, augstas jaudas LED fokus\u0113 patent\u0113ts TIR objekt\u012bvs, lai rad\u012btu augstas intensit\u0101tes 200 l\u016bmenu staru k\u016bli ar iev\u0113rojamu sasniedzam\u012bbu un perif\u0113ro apgaismojumu, kas ir ide\u0101li piem\u0113rots tuvu un vid\u0113ji tuvu un vid\u0113ji t\u0101lu lietojumiem. Ta\u010du M600AA-BK izce\u013cas ar elast\u012bgumu: To var darbin\u0101t ar AA litija vai AA s\u0101rma baterij\u0101m &#8211; p\u0113d\u0113j\u0101s ir viegl\u0101k pieejamas vis\u0101 pasaul\u0113 &#8211; ar nep\u0101rsp\u0113jamu darb\u012bbas laiku.  <\/p>\n","protected":false},"featured_media":121993,"template":"","meta":{"_acf_changed":false},"product_brand":[],"product_cat":[1037],"product_tag":[],"class_list":{"0":"post-148545","1":"product","2":"type-product","3":"status-publish","4":"has-post-thumbnail","6":"product_cat-lukturisi","8":"first","9":"instock","10":"taxable","11":"shipping-taxable","12":"purchasable","13":"product-type-simple"},"acf":[],"_links":{"self":[{"href":"https:\/\/kingarms.ee\/lv\/wp-json\/wp\/v2\/product\/148545","targetHints":{"allow":["GET"]}}],"collection":[{"href":"https:\/\/kingarms.ee\/lv\/wp-json\/wp\/v2\/product"}],"about":[{"href":"https:\/\/kingarms.ee\/lv\/wp-json\/wp\/v2\/types\/product"}],"wp:featuredmedia":[{"embeddable":true,"href":"https:\/\/kingarms.ee\/lv\/wp-json\/wp\/v2\/media\/121993"}],"wp:attachment":[{"href":"https:\/\/kingarms.ee\/lv\/wp-json\/wp\/v2\/media?parent=148545"}],"wp:term":[{"taxonomy":"product_brand","embeddable":true,"href":"https:\/\/kingarms.ee\/lv\/wp-json\/wp\/v2\/product_brand?post=148545"},{"taxonomy":"product_cat","embeddable":true,"href":"https:\/\/kingarms.ee\/lv\/wp-json\/wp\/v2\/product_cat?post=148545"},{"taxonomy":"product_tag","embeddable":true,"href":"https:\/\/kingarms.ee\/lv\/wp-json\/wp\/v2\/product_tag?post=148545"}],"curies":[{"name":"wp","href":"https:\/\/api.w.org\/{rel}","templated":true}]}}