{"id":148552,"date":"2022-06-06T13:44:06","date_gmt":"2025-05-04T10:32:58","guid":{"rendered":"https:\/\/kingarms.ee\/product\/plb-josta-melna\/"},"modified":"2025-05-04T13:32:58","modified_gmt":"2025-05-04T10:32:58","slug":"plb-josta-melna","status":"publish","type":"product","link":"https:\/\/kingarms.ee\/lv\/product\/plb-josta-melna\/","title":{"rendered":"PLB josta melna"},"content":{"rendered":"","protected":false},"excerpt":{"rendered":"<p>Austrijas z\u012bmola Invader Gear PLB mode\u013ca taktisk\u0101 josta ar MOLLE sist\u0113mu kabatu pievieno\u0161anai un apr\u012bkojuma piestiprin\u0101\u0161anai.<br \/>\nJostai ir m\u012bksts elpojo\u0161s polster\u0113jums papildu komfortam un liels iek\u0161\u0113jais Velcro iel\u0101ps.<br \/>\nRegul\u0113jams viens izm\u0113rs<br \/>\nAizdare ar klipsi<br \/>\n4x D-Ring gredzeni<\/p>\n","protected":false},"featured_media":121965,"template":"","meta":{"_acf_changed":false},"product_brand":[],"product_cat":[1090],"product_tag":[],"class_list":{"0":"post-148552","1":"product","2":"type-product","3":"status-publish","4":"has-post-thumbnail","6":"product_cat-ipsc-jostas","8":"first","9":"instock","10":"taxable","11":"shipping-taxable","12":"purchasable","13":"product-type-simple"},"acf":[],"_links":{"self":[{"href":"https:\/\/kingarms.ee\/lv\/wp-json\/wp\/v2\/product\/148552","targetHints":{"allow":["GET"]}}],"collection":[{"href":"https:\/\/kingarms.ee\/lv\/wp-json\/wp\/v2\/product"}],"about":[{"href":"https:\/\/kingarms.ee\/lv\/wp-json\/wp\/v2\/types\/product"}],"wp:featuredmedia":[{"embeddable":true,"href":"https:\/\/kingarms.ee\/lv\/wp-json\/wp\/v2\/media\/121965"}],"wp:attachment":[{"href":"https:\/\/kingarms.ee\/lv\/wp-json\/wp\/v2\/media?parent=148552"}],"wp:term":[{"taxonomy":"product_brand","embeddable":true,"href":"https:\/\/kingarms.ee\/lv\/wp-json\/wp\/v2\/product_brand?post=148552"},{"taxonomy":"product_cat","embeddable":true,"href":"https:\/\/kingarms.ee\/lv\/wp-json\/wp\/v2\/product_cat?post=148552"},{"taxonomy":"product_tag","embeddable":true,"href":"https:\/\/kingarms.ee\/lv\/wp-json\/wp\/v2\/product_tag?post=148552"}],"curies":[{"name":"wp","href":"https:\/\/api.w.org\/{rel}","templated":true}]}}