{"id":148556,"date":"2022-06-01T16:06:37","date_gmt":"2025-05-04T10:37:30","guid":{"rendered":"https:\/\/kingarms.ee\/product\/fogstop-fogstop-sveices-acs\/"},"modified":"2025-05-04T13:37:30","modified_gmt":"2025-05-04T10:37:30","slug":"fogstop-fogstop-sveices-acs","status":"publish","type":"product","link":"https:\/\/kingarms.ee\/lv\/product\/fogstop-fogstop-sveices-acs\/","title":{"rendered":"FOGSTOP \/ FOGSTOP (\u0160veices acs)"},"content":{"rendered":"<p>FOGSTOP \/ FOGSTOP (\u0160veices acs)<\/p>\n<p><img loading=\"lazy\" decoding=\"async\" class=\"alignnone size-medium wp-image-58837\" src=\"https:\/\/kingarms.ee\/wp-content\/uploads\/2022\/06\/swiss-eye-fogstop-udutoke-300x240.jpeg\" alt=\"\" width=\"300\" height=\"240\" srcset=\"https:\/\/kingarms.ee\/wp-content\/uploads\/2022\/06\/swiss-eye-fogstop-udutoke-300x240.jpeg 300w, https:\/\/kingarms.ee\/wp-content\/uploads\/2022\/06\/swiss-eye-fogstop-udutoke-768x614.jpeg 768w, https:\/\/kingarms.ee\/wp-content\/uploads\/2022\/06\/swiss-eye-fogstop-udutoke-500x400.jpeg 500w, https:\/\/kingarms.ee\/wp-content\/uploads\/2022\/06\/swiss-eye-fogstop-udutoke-150x120.jpeg 150w, https:\/\/kingarms.ee\/wp-content\/uploads\/2022\/06\/swiss-eye-fogstop-udutoke.jpeg 1000w\" sizes=\"auto, (max-width: 300px) 100vw, 300px\" \/><\/p>\n","protected":false},"excerpt":{"rendered":"<p>FOGSTOP<\/p>\n<p>Aizvars, kas piem\u0113rots visu veidu objekt\u012bviem, objekt\u012bviem, l\u0113c\u0101m utt.<br \/>\nIepakojum\u0101 30 gab.<\/p>\n","protected":false},"featured_media":121958,"template":"","meta":{"_acf_changed":false},"product_brand":[],"product_cat":[1085,1034],"product_tag":[],"class_list":{"0":"post-148556","1":"product","2":"type-product","3":"status-publish","4":"has-post-thumbnail","6":"product_cat-airsoft-brilles","7":"product_cat-saujamierocu-piederumi","9":"first","10":"instock","11":"taxable","12":"shipping-taxable","13":"purchasable","14":"product-type-simple"},"acf":[],"_links":{"self":[{"href":"https:\/\/kingarms.ee\/lv\/wp-json\/wp\/v2\/product\/148556","targetHints":{"allow":["GET"]}}],"collection":[{"href":"https:\/\/kingarms.ee\/lv\/wp-json\/wp\/v2\/product"}],"about":[{"href":"https:\/\/kingarms.ee\/lv\/wp-json\/wp\/v2\/types\/product"}],"wp:featuredmedia":[{"embeddable":true,"href":"https:\/\/kingarms.ee\/lv\/wp-json\/wp\/v2\/media\/121958"}],"wp:attachment":[{"href":"https:\/\/kingarms.ee\/lv\/wp-json\/wp\/v2\/media?parent=148556"}],"wp:term":[{"taxonomy":"product_brand","embeddable":true,"href":"https:\/\/kingarms.ee\/lv\/wp-json\/wp\/v2\/product_brand?post=148556"},{"taxonomy":"product_cat","embeddable":true,"href":"https:\/\/kingarms.ee\/lv\/wp-json\/wp\/v2\/product_cat?post=148556"},{"taxonomy":"product_tag","embeddable":true,"href":"https:\/\/kingarms.ee\/lv\/wp-json\/wp\/v2\/product_tag?post=148556"}],"curies":[{"name":"wp","href":"https:\/\/api.w.org\/{rel}","templated":true}]}}