{"id":148698,"date":"2022-05-31T02:05:46","date_gmt":"2025-05-04T11:08:13","guid":{"rendered":"https:\/\/kingarms.ee\/product\/cinas-krekli-socom\/"},"modified":"2025-05-04T14:08:13","modified_gmt":"2025-05-04T11:08:13","slug":"cinas-krekli-socom","status":"publish","type":"product","link":"https:\/\/kingarms.ee\/lv\/product\/cinas-krekli-socom\/","title":{"rendered":"C\u012b\u0146as krekli Socom"},"content":{"rendered":"","protected":false},"excerpt":{"rendered":"<p>C\u012b\u0146as krekli Socom<\/p>\n<p>\u013boti \u0113rta un popul\u0101ra vasaras ap\u0123\u0113rba izv\u0113le &#8211; vestes krekls. Krekls ir izgatavots no kokvilnas un poliestera. Krekla korpuss ir cie\u0161i piegu\u013co\u0161s. Krekls ir Kan\u0101das digit\u0101laj\u0101 vid\u0113.<\/p>\n","protected":false},"featured_media":120788,"template":"","meta":{"_acf_changed":false},"product_brand":[],"product_cat":[1070],"product_tag":[],"class_list":{"0":"post-148698","1":"product","2":"type-product","3":"status-publish","4":"has-post-thumbnail","6":"product_cat-bluzes-krekli","8":"first","9":"instock","10":"purchasable","11":"product-type-variable"},"acf":[],"_links":{"self":[{"href":"https:\/\/kingarms.ee\/lv\/wp-json\/wp\/v2\/product\/148698","targetHints":{"allow":["GET"]}}],"collection":[{"href":"https:\/\/kingarms.ee\/lv\/wp-json\/wp\/v2\/product"}],"about":[{"href":"https:\/\/kingarms.ee\/lv\/wp-json\/wp\/v2\/types\/product"}],"wp:featuredmedia":[{"embeddable":true,"href":"https:\/\/kingarms.ee\/lv\/wp-json\/wp\/v2\/media\/120788"}],"wp:attachment":[{"href":"https:\/\/kingarms.ee\/lv\/wp-json\/wp\/v2\/media?parent=148698"}],"wp:term":[{"taxonomy":"product_brand","embeddable":true,"href":"https:\/\/kingarms.ee\/lv\/wp-json\/wp\/v2\/product_brand?post=148698"},{"taxonomy":"product_cat","embeddable":true,"href":"https:\/\/kingarms.ee\/lv\/wp-json\/wp\/v2\/product_cat?post=148698"},{"taxonomy":"product_tag","embeddable":true,"href":"https:\/\/kingarms.ee\/lv\/wp-json\/wp\/v2\/product_tag?post=148698"}],"curies":[{"name":"wp","href":"https:\/\/api.w.org\/{rel}","templated":true}]}}