{"id":148718,"date":"2022-05-31T02:05:39","date_gmt":"2025-05-04T11:12:40","guid":{"rendered":"https:\/\/kingarms.ee\/product\/kaujas-krekls-melns\/"},"modified":"2025-05-04T14:12:40","modified_gmt":"2025-05-04T11:12:40","slug":"kaujas-krekls-melns","status":"publish","type":"product","link":"https:\/\/kingarms.ee\/lv\/product\/kaujas-krekls-melns\/","title":{"rendered":"Kaujas krekls melns"},"content":{"rendered":"","protected":false},"excerpt":{"rendered":"<p>Kaujas krekls melns<\/p>\n<p>\u013boti \u0113rta un popul\u0101ra vasaras ap\u0123\u0113rba izv\u0113le &#8211; vestes krekls. Krekls ir izgatavots no kokvilnas un poliestera. Krekla korpuss ir cie\u0161i piegu\u013co\u0161s. Krekls ir Kan\u0101das digit\u0101laj\u0101 vid\u0113.<\/p>\n","protected":false},"featured_media":121042,"template":"","meta":{"_acf_changed":false},"product_brand":[],"product_cat":[1070],"product_tag":[],"class_list":{"0":"post-148718","1":"product","2":"type-product","3":"status-publish","4":"has-post-thumbnail","6":"product_cat-bluzes-krekli","8":"first","9":"instock","10":"purchasable","11":"product-type-variable"},"acf":[],"_links":{"self":[{"href":"https:\/\/kingarms.ee\/lv\/wp-json\/wp\/v2\/product\/148718","targetHints":{"allow":["GET"]}}],"collection":[{"href":"https:\/\/kingarms.ee\/lv\/wp-json\/wp\/v2\/product"}],"about":[{"href":"https:\/\/kingarms.ee\/lv\/wp-json\/wp\/v2\/types\/product"}],"wp:featuredmedia":[{"embeddable":true,"href":"https:\/\/kingarms.ee\/lv\/wp-json\/wp\/v2\/media\/121042"}],"wp:attachment":[{"href":"https:\/\/kingarms.ee\/lv\/wp-json\/wp\/v2\/media?parent=148718"}],"wp:term":[{"taxonomy":"product_brand","embeddable":true,"href":"https:\/\/kingarms.ee\/lv\/wp-json\/wp\/v2\/product_brand?post=148718"},{"taxonomy":"product_cat","embeddable":true,"href":"https:\/\/kingarms.ee\/lv\/wp-json\/wp\/v2\/product_cat?post=148718"},{"taxonomy":"product_tag","embeddable":true,"href":"https:\/\/kingarms.ee\/lv\/wp-json\/wp\/v2\/product_tag?post=148718"}],"curies":[{"name":"wp","href":"https:\/\/api.w.org\/{rel}","templated":true}]}}