{"id":148748,"date":"2022-05-30T17:50:58","date_gmt":"2025-05-04T11:20:37","guid":{"rendered":"https:\/\/kingarms.ee\/product\/elektriska-sautene-pcc45-gg\/"},"modified":"2025-05-04T14:20:37","modified_gmt":"2025-05-04T11:20:37","slug":"elektriska-sautene-pcc45-gg","status":"publish","type":"product","link":"https:\/\/kingarms.ee\/lv\/product\/elektriska-sautene-pcc45-gg\/","title":{"rendered":"ELEKTRISK\u0100 \u0160AUTENE PCC45 G&amp;G"},"content":{"rendered":"","protected":false},"excerpt":{"rendered":"<p>ELEKTRISK\u0100 \u0160AUTENE PCC45 G&amp;G<\/p>\n<p>CNC anod\u0113ta alum\u012bnija m-lok qd roku aizsargi<br \/>\nPolim\u0113ra apak\u0161\u0113jais uztv\u0113r\u0113js<br \/>\nVid\u0113ja izm\u0113ra 110 patronu magaz\u012bns ar viltus .45 patron\u0101m<br \/>\nSalok\u0101ms kr\u0101jums<br \/>\nDivpus\u0113ji lietojams selektors<br \/>\nDivpus\u0113ji regul\u0113jams aizvara aiztur\u0113t\u0101js<br \/>\nEtu 2.0 un uzlabota 4\u00b0 gen. Mosfet<br \/>\nG2 p\u0101rnesumk\u0101rba ar 8 mm buks\u0113m un qd atsperu vadotni<br \/>\nGarums: 740 mm<br \/>\nSvars: 2015g<\/p>\n","protected":false},"featured_media":120760,"template":"","meta":{"_acf_changed":false},"product_brand":[],"product_cat":[1001],"product_tag":[],"class_list":{"0":"post-148748","1":"product","2":"type-product","3":"status-publish","4":"has-post-thumbnail","6":"product_cat-tirdzniecibas-automati","8":"first","9":"instock","10":"sale","11":"taxable","12":"shipping-taxable","13":"purchasable","14":"product-type-simple"},"acf":[],"_links":{"self":[{"href":"https:\/\/kingarms.ee\/lv\/wp-json\/wp\/v2\/product\/148748","targetHints":{"allow":["GET"]}}],"collection":[{"href":"https:\/\/kingarms.ee\/lv\/wp-json\/wp\/v2\/product"}],"about":[{"href":"https:\/\/kingarms.ee\/lv\/wp-json\/wp\/v2\/types\/product"}],"wp:featuredmedia":[{"embeddable":true,"href":"https:\/\/kingarms.ee\/lv\/wp-json\/wp\/v2\/media\/120760"}],"wp:attachment":[{"href":"https:\/\/kingarms.ee\/lv\/wp-json\/wp\/v2\/media?parent=148748"}],"wp:term":[{"taxonomy":"product_brand","embeddable":true,"href":"https:\/\/kingarms.ee\/lv\/wp-json\/wp\/v2\/product_brand?post=148748"},{"taxonomy":"product_cat","embeddable":true,"href":"https:\/\/kingarms.ee\/lv\/wp-json\/wp\/v2\/product_cat?post=148748"},{"taxonomy":"product_tag","embeddable":true,"href":"https:\/\/kingarms.ee\/lv\/wp-json\/wp\/v2\/product_tag?post=148748"}],"curies":[{"name":"wp","href":"https:\/\/api.w.org\/{rel}","templated":true}]}}