{"id":148750,"date":"2022-05-30T17:45:12","date_gmt":"2025-05-04T11:24:39","guid":{"rendered":"https:\/\/kingarms.ee\/product\/elektriska-sautene-m4-ares\/"},"modified":"2025-05-04T14:24:39","modified_gmt":"2025-05-04T11:24:39","slug":"elektriska-sautene-m4-ares","status":"publish","type":"product","link":"https:\/\/kingarms.ee\/lv\/product\/elektriska-sautene-m4-ares\/","title":{"rendered":"ELEKTRISK\u0100 \u0160AUTENE M4 [ARES]"},"content":{"rendered":"","protected":false},"excerpt":{"rendered":"<p>Elektrisk\u0101 \u0161autene m4 [ares]<\/p>\n<p>Alum\u012bnija korpuss<br \/>\nMet\u0101la p\u0101rnesumk\u0101rba<br \/>\nNeilona \u0161\u0137iedras amebu aizsargs<br \/>\nRegul\u0113jams hop up<\/p>\n<p>Hi-cap magaz\u012bns 300 k\u0101rt\u0101m<br \/>\nFlip up priek\u0161\u0113jais un aizmugur\u0113jais lukturis<br \/>\nAmoeba neilona \u0161\u0137iedras ievelkamais kr\u0101jums<br \/>\nDro\u0161\u012bba, pusautom\u0101ts un pilnpiedzi\u0146a<br \/>\nGarums: 680 mm-760 mm<br \/>\nSvars: 2520 g<br \/>\nKr\u0101sa: melna<\/p>\n","protected":false},"featured_media":120749,"template":"","meta":{"_acf_changed":false},"product_brand":[],"product_cat":[1001],"product_tag":[],"class_list":{"0":"post-148750","1":"product","2":"type-product","3":"status-publish","4":"has-post-thumbnail","6":"product_cat-tirdzniecibas-automati","8":"first","9":"instock","10":"sale","11":"taxable","12":"shipping-taxable","13":"purchasable","14":"product-type-simple"},"acf":[],"_links":{"self":[{"href":"https:\/\/kingarms.ee\/lv\/wp-json\/wp\/v2\/product\/148750","targetHints":{"allow":["GET"]}}],"collection":[{"href":"https:\/\/kingarms.ee\/lv\/wp-json\/wp\/v2\/product"}],"about":[{"href":"https:\/\/kingarms.ee\/lv\/wp-json\/wp\/v2\/types\/product"}],"wp:featuredmedia":[{"embeddable":true,"href":"https:\/\/kingarms.ee\/lv\/wp-json\/wp\/v2\/media\/120749"}],"wp:attachment":[{"href":"https:\/\/kingarms.ee\/lv\/wp-json\/wp\/v2\/media?parent=148750"}],"wp:term":[{"taxonomy":"product_brand","embeddable":true,"href":"https:\/\/kingarms.ee\/lv\/wp-json\/wp\/v2\/product_brand?post=148750"},{"taxonomy":"product_cat","embeddable":true,"href":"https:\/\/kingarms.ee\/lv\/wp-json\/wp\/v2\/product_cat?post=148750"},{"taxonomy":"product_tag","embeddable":true,"href":"https:\/\/kingarms.ee\/lv\/wp-json\/wp\/v2\/product_tag?post=148750"}],"curies":[{"name":"wp","href":"https:\/\/api.w.org\/{rel}","templated":true}]}}