{"id":148756,"date":"2022-05-30T16:30:14","date_gmt":"2025-05-04T11:35:10","guid":{"rendered":"https:\/\/kingarms.ee\/product\/pt92-tan-co2-6mm-pilnmetala-cybergun\/"},"modified":"2025-05-04T14:35:10","modified_gmt":"2025-05-04T11:35:10","slug":"pt92-tan-co2-6mm-pilnmetala-cybergun","status":"publish","type":"product","link":"https:\/\/kingarms.ee\/lv\/product\/pt92-tan-co2-6mm-pilnmetala-cybergun\/","title":{"rendered":"PT92 TAN Co2 6mm pilnmet\u0101la [CYBERGUN]"},"content":{"rendered":"","protected":false},"excerpt":{"rendered":"<p>PT92 TAN Co2 6mm pilnmet\u0101la [CYBERGUN]<\/p>\n<p>Kr\u0101sa: iedeguma<br \/>\nKalibrs: 6 mm<br \/>\nDzin\u0113jsist\u0113ma: Co2<br \/>\nPistoles svars (kg) 906<br \/>\nJauda (d\u017eoulos) 0,9<br \/>\n\u0100trums FPS (0,20gr) 320<br \/>\nBez Hop-up<br \/>\nMateri\u0101ls: Met\u0101ls, plastmasa<br \/>\nPistoles garums (mm) 220<br \/>\nIek\u0161\u0113j\u0101s mucas tips: \u012apa\u0161s<br \/>\nStobra iek\u0161\u0113jais garums (mm) 117<br \/>\nBBs ietilp\u012bba: 15<br \/>\nMosfete: N\u0113<\/p>\n","protected":false},"featured_media":120729,"template":"","meta":{"_acf_changed":false},"product_brand":[],"product_cat":[1000],"product_tag":[],"class_list":{"0":"post-148756","1":"product","2":"type-product","3":"status-publish","4":"has-post-thumbnail","6":"product_cat-rokas-pistoles","8":"first","9":"onbackorder","10":"taxable","11":"shipping-taxable","12":"product-type-simple"},"acf":[],"_links":{"self":[{"href":"https:\/\/kingarms.ee\/lv\/wp-json\/wp\/v2\/product\/148756","targetHints":{"allow":["GET"]}}],"collection":[{"href":"https:\/\/kingarms.ee\/lv\/wp-json\/wp\/v2\/product"}],"about":[{"href":"https:\/\/kingarms.ee\/lv\/wp-json\/wp\/v2\/types\/product"}],"wp:featuredmedia":[{"embeddable":true,"href":"https:\/\/kingarms.ee\/lv\/wp-json\/wp\/v2\/media\/120729"}],"wp:attachment":[{"href":"https:\/\/kingarms.ee\/lv\/wp-json\/wp\/v2\/media?parent=148756"}],"wp:term":[{"taxonomy":"product_brand","embeddable":true,"href":"https:\/\/kingarms.ee\/lv\/wp-json\/wp\/v2\/product_brand?post=148756"},{"taxonomy":"product_cat","embeddable":true,"href":"https:\/\/kingarms.ee\/lv\/wp-json\/wp\/v2\/product_cat?post=148756"},{"taxonomy":"product_tag","embeddable":true,"href":"https:\/\/kingarms.ee\/lv\/wp-json\/wp\/v2\/product_tag?post=148756"}],"curies":[{"name":"wp","href":"https:\/\/api.w.org\/{rel}","templated":true}]}}