{"id":148758,"date":"2022-05-30T16:10:55","date_gmt":"2022-05-30T13:10:55","guid":{"rendered":"https:\/\/kingarms.ee\/product\/borner-92m-black-co2-6-mm-metala-ladins\/"},"modified":"2025-05-04T14:38:34","modified_gmt":"2025-05-04T11:38:34","slug":"borner-92m-black-co2-6-mm-metala-ladins","status":"publish","type":"product","link":"https:\/\/kingarms.ee\/lv\/product\/borner-92m-black-co2-6-mm-metala-ladins\/","title":{"rendered":"Borner 92M Black Co2 6 mm met\u0101la l\u0101di\u0146\u0161"},"content":{"rendered":"","protected":false},"excerpt":{"rendered":"<p>Borner 92M Black Co2 6 mm met\u0101la l\u0101di\u0146\u0161<\/p>\n<p>Kalibrs: 6 mm<br \/>\nDzin\u0113jsist\u0113ma: Co2<br \/>\nJauda (d\u017eoulos) 0,9<br \/>\n\u0100trums FPS (0,20gr) 310<br \/>\nHop-up Hop-up fixe<br \/>\nMateri\u0101li Met\u0101ls, plastmasa<br \/>\nPistoles garums (mm) 210<br \/>\nBBs jauda 15<\/p>\n","protected":false},"featured_media":147438,"template":"","meta":{"_acf_changed":false},"product_brand":[],"product_cat":[1000],"product_tag":[],"class_list":{"0":"post-148758","1":"product","2":"type-product","3":"status-publish","4":"has-post-thumbnail","6":"product_cat-rokas-pistoles","8":"first","9":"outofstock","10":"taxable","11":"shipping-taxable","12":"purchasable","13":"product-type-simple"},"acf":[],"_links":{"self":[{"href":"https:\/\/kingarms.ee\/lv\/wp-json\/wp\/v2\/product\/148758","targetHints":{"allow":["GET"]}}],"collection":[{"href":"https:\/\/kingarms.ee\/lv\/wp-json\/wp\/v2\/product"}],"about":[{"href":"https:\/\/kingarms.ee\/lv\/wp-json\/wp\/v2\/types\/product"}],"wp:featuredmedia":[{"embeddable":true,"href":"https:\/\/kingarms.ee\/lv\/wp-json\/wp\/v2\/media\/147438"}],"wp:attachment":[{"href":"https:\/\/kingarms.ee\/lv\/wp-json\/wp\/v2\/media?parent=148758"}],"wp:term":[{"taxonomy":"product_brand","embeddable":true,"href":"https:\/\/kingarms.ee\/lv\/wp-json\/wp\/v2\/product_brand?post=148758"},{"taxonomy":"product_cat","embeddable":true,"href":"https:\/\/kingarms.ee\/lv\/wp-json\/wp\/v2\/product_cat?post=148758"},{"taxonomy":"product_tag","embeddable":true,"href":"https:\/\/kingarms.ee\/lv\/wp-json\/wp\/v2\/product_tag?post=148758"}],"curies":[{"name":"wp","href":"https:\/\/api.w.org\/{rel}","templated":true}]}}