{"id":148760,"date":"2022-05-30T12:51:43","date_gmt":"2025-05-04T11:41:56","guid":{"rendered":"https:\/\/kingarms.ee\/product\/rog-r901-pilna-metala-sliedes-augspuse-army-armament\/"},"modified":"2025-05-04T14:41:56","modified_gmt":"2025-05-04T11:41:56","slug":"rog-r901-pilna-metala-sliedes-augspuse-army-armament","status":"publish","type":"product","link":"https:\/\/kingarms.ee\/lv\/product\/rog-r901-pilna-metala-sliedes-augspuse-army-armament\/","title":{"rendered":"ROG R901 Pilna met\u0101la sliedes aug\u0161pus\u0113 [Army Armament]"},"content":{"rendered":"","protected":false},"excerpt":{"rendered":"<p>ROG R901 Pilna met\u0101la sliedes aug\u0161pus\u0113 [Army Armament]<\/p>\n<p>6 mm kalibrs<br \/>\nPistoles svars (kg) 3,38<br \/>\nJauda (d\u017eoulos) 1,41<br \/>\n\u0100trums FPS (0,20gr) 390<br \/>\nRegul\u0113jams Hop-up<br \/>\nMateri\u0101li ABS, alum\u012bnijs, met\u0101ls<br \/>\nPistoles garums (mm) 800<br \/>\nIek\u0161\u0113j\u0101s mucas tips: AEG<br \/>\nStobra iek\u0161\u0113jais urbums (mm) 6,08<br \/>\nStobra iek\u0161\u0113jais garums (mm) 520<br \/>\nV\u012btne: 14mm CCW<br \/>\nBBs ietilp\u012bba: 330<br \/>\nAkumulatora savienot\u0101js: Tamiya mini<br \/>\nMosfete: N\u0113<br \/>\nMotora ass: Asis tiesa<br \/>\nGerbox tips: P\u0101rnesumk\u0101rba V3<\/p>\n","protected":false},"featured_media":120697,"template":"","meta":{"_acf_changed":false},"product_brand":[],"product_cat":[1001],"product_tag":[],"class_list":{"0":"post-148760","1":"product","2":"type-product","3":"status-publish","4":"has-post-thumbnail","6":"product_cat-tirdzniecibas-automati","8":"first","9":"instock","10":"sale","11":"taxable","12":"shipping-taxable","13":"purchasable","14":"product-type-simple"},"acf":[],"_links":{"self":[{"href":"https:\/\/kingarms.ee\/lv\/wp-json\/wp\/v2\/product\/148760","targetHints":{"allow":["GET"]}}],"collection":[{"href":"https:\/\/kingarms.ee\/lv\/wp-json\/wp\/v2\/product"}],"about":[{"href":"https:\/\/kingarms.ee\/lv\/wp-json\/wp\/v2\/types\/product"}],"wp:featuredmedia":[{"embeddable":true,"href":"https:\/\/kingarms.ee\/lv\/wp-json\/wp\/v2\/media\/120697"}],"wp:attachment":[{"href":"https:\/\/kingarms.ee\/lv\/wp-json\/wp\/v2\/media?parent=148760"}],"wp:term":[{"taxonomy":"product_brand","embeddable":true,"href":"https:\/\/kingarms.ee\/lv\/wp-json\/wp\/v2\/product_brand?post=148760"},{"taxonomy":"product_cat","embeddable":true,"href":"https:\/\/kingarms.ee\/lv\/wp-json\/wp\/v2\/product_cat?post=148760"},{"taxonomy":"product_tag","embeddable":true,"href":"https:\/\/kingarms.ee\/lv\/wp-json\/wp\/v2\/product_tag?post=148760"}],"curies":[{"name":"wp","href":"https:\/\/api.w.org\/{rel}","templated":true}]}}