{"id":148764,"date":"2022-05-30T12:30:33","date_gmt":"2025-05-04T11:48:52","guid":{"rendered":"https:\/\/kingarms.ee\/product\/rog-r902-militarais-modelis-regulejams-talskatis-army-armement\/"},"modified":"2025-05-04T14:48:52","modified_gmt":"2025-05-04T11:48:52","slug":"rog-r902-militarais-modelis-regulejams-talskatis-army-armement","status":"publish","type":"product","link":"https:\/\/kingarms.ee\/lv\/product\/rog-r902-militarais-modelis-regulejams-talskatis-army-armement\/","title":{"rendered":"ROG R902 Milit\u0101rais modelis Regul\u0113jams t\u0101lskatis [Army armement]"},"content":{"rendered":"","protected":false},"excerpt":{"rendered":"<p>ROG R902 Milit\u0101rais modelis Regul\u0113jams t\u0101lskatis [Army armement]<\/p>\n<p>Kalibrs: 6 mm<br \/>\nPropulsion Electrique<br \/>\nPistoles svars (kg) 3,4<br \/>\nJauda (d\u017eoulos) 1,5<br \/>\n\u0100trums FPS (0,20gr) 400<br \/>\nHop-up: regul\u0113ts<br \/>\nMateri\u0101li ABS, alum\u012bnijs, met\u0101ls<br \/>\nPistoles garums (mm) 805<br \/>\nIek\u0161\u0113j\u0101s mucas tips: AEG<br \/>\nStobra iek\u0161\u0113jais garums (mm) 510<br \/>\nV\u012btne: 14mm CCW<br \/>\nBBs ietilp\u012bba: 330<br \/>\nAkumulatora savienot\u0101js: Tamiya mini<br \/>\nMosfete: N\u0113<br \/>\nMotora ass Axe tiesa<br \/>\nGerbox tips: P\u0101rnesumk\u0101rba V3<\/p>\n","protected":false},"featured_media":120647,"template":"","meta":{"_acf_changed":false},"product_brand":[],"product_cat":[1001],"product_tag":[],"class_list":{"0":"post-148764","1":"product","2":"type-product","3":"status-publish","4":"has-post-thumbnail","6":"product_cat-tirdzniecibas-automati","8":"first","9":"onbackorder","10":"sale","11":"taxable","12":"shipping-taxable","13":"product-type-simple"},"acf":[],"_links":{"self":[{"href":"https:\/\/kingarms.ee\/lv\/wp-json\/wp\/v2\/product\/148764","targetHints":{"allow":["GET"]}}],"collection":[{"href":"https:\/\/kingarms.ee\/lv\/wp-json\/wp\/v2\/product"}],"about":[{"href":"https:\/\/kingarms.ee\/lv\/wp-json\/wp\/v2\/types\/product"}],"wp:featuredmedia":[{"embeddable":true,"href":"https:\/\/kingarms.ee\/lv\/wp-json\/wp\/v2\/media\/120647"}],"wp:attachment":[{"href":"https:\/\/kingarms.ee\/lv\/wp-json\/wp\/v2\/media?parent=148764"}],"wp:term":[{"taxonomy":"product_brand","embeddable":true,"href":"https:\/\/kingarms.ee\/lv\/wp-json\/wp\/v2\/product_brand?post=148764"},{"taxonomy":"product_cat","embeddable":true,"href":"https:\/\/kingarms.ee\/lv\/wp-json\/wp\/v2\/product_cat?post=148764"},{"taxonomy":"product_tag","embeddable":true,"href":"https:\/\/kingarms.ee\/lv\/wp-json\/wp\/v2\/product_tag?post=148764"}],"curies":[{"name":"wp","href":"https:\/\/api.w.org\/{rel}","templated":true}]}}