{"id":148773,"date":"2022-05-23T15:41:57","date_gmt":"2025-05-04T14:35:41","guid":{"rendered":"https:\/\/kingarms.ee\/product\/zekes-40-den-remington\/"},"modified":"2025-05-04T17:35:41","modified_gmt":"2025-05-04T14:35:41","slug":"zekes-40-den-remington","status":"publish","type":"product","link":"https:\/\/kingarms.ee\/lv\/product\/zekes-40-den-remington\/","title":{"rendered":"Ze\u0137es 40 den Remington"},"content":{"rendered":"","protected":false},"excerpt":{"rendered":"<p>Ze\u0137es 40 den Remington<\/p>\n<p>Remington ze\u0137es akt\u012bv\u0101m aktivit\u0101t\u0113m.<\/p>\n<p>Elast\u012bgs un elpojo\u0161s.<\/p>\n<p>40 denj\u0113 ze\u0137es ar lielo R.<\/p>\n<p>Izm\u0113rs: 40-43<\/p>\n","protected":false},"featured_media":120645,"template":"","meta":{"_acf_changed":false},"product_brand":[],"product_cat":[1072],"product_tag":[],"class_list":{"0":"post-148773","1":"product","2":"type-product","3":"status-publish","4":"has-post-thumbnail","6":"product_cat-zabaki","8":"first","9":"instock","10":"sale","11":"taxable","12":"shipping-taxable","13":"purchasable","14":"product-type-simple"},"acf":[],"_links":{"self":[{"href":"https:\/\/kingarms.ee\/lv\/wp-json\/wp\/v2\/product\/148773","targetHints":{"allow":["GET"]}}],"collection":[{"href":"https:\/\/kingarms.ee\/lv\/wp-json\/wp\/v2\/product"}],"about":[{"href":"https:\/\/kingarms.ee\/lv\/wp-json\/wp\/v2\/types\/product"}],"wp:featuredmedia":[{"embeddable":true,"href":"https:\/\/kingarms.ee\/lv\/wp-json\/wp\/v2\/media\/120645"}],"wp:attachment":[{"href":"https:\/\/kingarms.ee\/lv\/wp-json\/wp\/v2\/media?parent=148773"}],"wp:term":[{"taxonomy":"product_brand","embeddable":true,"href":"https:\/\/kingarms.ee\/lv\/wp-json\/wp\/v2\/product_brand?post=148773"},{"taxonomy":"product_cat","embeddable":true,"href":"https:\/\/kingarms.ee\/lv\/wp-json\/wp\/v2\/product_cat?post=148773"},{"taxonomy":"product_tag","embeddable":true,"href":"https:\/\/kingarms.ee\/lv\/wp-json\/wp\/v2\/product_tag?post=148773"}],"curies":[{"name":"wp","href":"https:\/\/api.w.org\/{rel}","templated":true}]}}