{"id":148783,"date":"2022-05-23T14:11:50","date_gmt":"2022-05-23T11:11:50","guid":{"rendered":"https:\/\/kingarms.ee\/product\/x-pro-titan-9mm-pak-retay\/"},"modified":"2025-05-04T17:48:10","modified_gmt":"2025-05-04T14:48:10","slug":"x-pro-titan-9mm-pak-retay","status":"publish","type":"product","link":"https:\/\/kingarms.ee\/lv\/product\/x-pro-titan-9mm-pak-retay\/","title":{"rendered":"X-PRO Titan 9mm PAK RETAY"},"content":{"rendered":"","protected":false},"excerpt":{"rendered":"<p>X-PRO Titan 9mm PAK RETAY<\/p>\n<p>\u017durn\u0101ls ar roktura pagarin\u0101jumu<br \/>\nPolim\u0113ra rokturis ar X Touch tehnolo\u0123iju<br \/>\nViena \/ dubult\u0101 darb\u012bba<br \/>\n\u0101mura bloka dro\u0161\u012bba<br \/>\nKr\u0101sa: aizsl\u0113ga un stobra apvalks mat\u0113ti tit\u0101na pel\u0113k\u0101 kr\u0101s\u0101<br \/>\nGarums: 197 mm<br \/>\nSvars: apm. 823 g<br \/>\nIetilp\u012bba: 14 patronas<br \/>\nKalibrs: 9 mm PAK<\/p>\n","protected":false},"featured_media":152591,"template":"","meta":{"_acf_changed":false},"product_brand":[],"product_cat":[1010],"product_tag":[],"class_list":{"0":"post-148783","1":"product","2":"type-product","3":"status-publish","4":"has-post-thumbnail","6":"product_cat-starta-pistoles","8":"first","9":"instock","10":"taxable","11":"shipping-taxable","12":"purchasable","13":"product-type-simple"},"acf":[],"_links":{"self":[{"href":"https:\/\/kingarms.ee\/lv\/wp-json\/wp\/v2\/product\/148783","targetHints":{"allow":["GET"]}}],"collection":[{"href":"https:\/\/kingarms.ee\/lv\/wp-json\/wp\/v2\/product"}],"about":[{"href":"https:\/\/kingarms.ee\/lv\/wp-json\/wp\/v2\/types\/product"}],"wp:featuredmedia":[{"embeddable":true,"href":"https:\/\/kingarms.ee\/lv\/wp-json\/wp\/v2\/media\/152591"}],"wp:attachment":[{"href":"https:\/\/kingarms.ee\/lv\/wp-json\/wp\/v2\/media?parent=148783"}],"wp:term":[{"taxonomy":"product_brand","embeddable":true,"href":"https:\/\/kingarms.ee\/lv\/wp-json\/wp\/v2\/product_brand?post=148783"},{"taxonomy":"product_cat","embeddable":true,"href":"https:\/\/kingarms.ee\/lv\/wp-json\/wp\/v2\/product_cat?post=148783"},{"taxonomy":"product_tag","embeddable":true,"href":"https:\/\/kingarms.ee\/lv\/wp-json\/wp\/v2\/product_tag?post=148783"}],"curies":[{"name":"wp","href":"https:\/\/api.w.org\/{rel}","templated":true}]}}