{"id":148785,"date":"2022-05-23T14:07:31","date_gmt":"2022-05-23T11:07:31","guid":{"rendered":"https:\/\/kingarms.ee\/product\/s22-cal-9-mm-retay\/"},"modified":"2025-05-04T17:51:05","modified_gmt":"2025-05-04T14:51:05","slug":"s22-cal-9-mm-retay","status":"publish","type":"product","link":"https:\/\/kingarms.ee\/lv\/product\/s22-cal-9-mm-retay\/","title":{"rendered":"S22 cal. 9 mm RETAY"},"content":{"rendered":"","protected":false},"excerpt":{"rendered":"<p>S22 cal. 9 mm RETAY<\/p>\n<p>Kr\u0101sa: melna<br \/>\nR\u0101mja materi\u0101ls: polim\u0113rs<br \/>\nIzm\u0113ri, mm: 191\u0445139\u044531,5<br \/>\nAp\u013cu skaits: 17+1<br \/>\nSvars, kg: 0,914<br \/>\nRa\u017eot\u0101js: Retay<br \/>\nSaturs: Kast\u012bte, neitr\u0101la e\u013c\u013ca<\/p>\n","protected":false},"featured_media":152597,"template":"","meta":{"_acf_changed":false},"product_brand":[],"product_cat":[1010],"product_tag":[],"class_list":{"0":"post-148785","1":"product","2":"type-product","3":"status-publish","4":"has-post-thumbnail","6":"product_cat-starta-pistoles","8":"first","9":"instock","10":"taxable","11":"shipping-taxable","12":"purchasable","13":"product-type-simple"},"acf":[],"_links":{"self":[{"href":"https:\/\/kingarms.ee\/lv\/wp-json\/wp\/v2\/product\/148785","targetHints":{"allow":["GET"]}}],"collection":[{"href":"https:\/\/kingarms.ee\/lv\/wp-json\/wp\/v2\/product"}],"about":[{"href":"https:\/\/kingarms.ee\/lv\/wp-json\/wp\/v2\/types\/product"}],"wp:featuredmedia":[{"embeddable":true,"href":"https:\/\/kingarms.ee\/lv\/wp-json\/wp\/v2\/media\/152597"}],"wp:attachment":[{"href":"https:\/\/kingarms.ee\/lv\/wp-json\/wp\/v2\/media?parent=148785"}],"wp:term":[{"taxonomy":"product_brand","embeddable":true,"href":"https:\/\/kingarms.ee\/lv\/wp-json\/wp\/v2\/product_brand?post=148785"},{"taxonomy":"product_cat","embeddable":true,"href":"https:\/\/kingarms.ee\/lv\/wp-json\/wp\/v2\/product_cat?post=148785"},{"taxonomy":"product_tag","embeddable":true,"href":"https:\/\/kingarms.ee\/lv\/wp-json\/wp\/v2\/product_tag?post=148785"}],"curies":[{"name":"wp","href":"https:\/\/api.w.org\/{rel}","templated":true}]}}