{"id":148791,"date":"2022-05-23T13:18:24","date_gmt":"2025-05-04T14:59:04","guid":{"rendered":"https:\/\/kingarms.ee\/product\/50-desert-eagle-co2-pistole-kwc\/"},"modified":"2025-05-04T17:59:04","modified_gmt":"2025-05-04T14:59:04","slug":"50-desert-eagle-co2-pistole-kwc","status":"publish","type":"product","link":"https:\/\/kingarms.ee\/lv\/product\/50-desert-eagle-co2-pistole-kwc\/","title":{"rendered":".50 Desert Eagle CO2 pistole [KWC]"},"content":{"rendered":"","protected":false},"excerpt":{"rendered":"<div class=\"meta_title\">\n<div>.50 Desert Eagle CO2 pistole [KWC]<\/div>\n<div class=\"meta_title\">Mun\u012bcijas izm\u0113rs 6 mm<\/div>\n<div class=\"meta_title\">Atpaka\u013cpl\u016bsma J\u0101<\/div>\n<div class=\"meta_title\">Ietilp\u012bba (rds) 21<\/div>\n<div class=\"meta_title\">Melna kr\u0101sa<\/div>\n<div class=\"meta_title\">Hop up ADJUSTABLE<\/div>\n<div class=\"meta_title\">Stobra iek\u0161\u0113jais garums (mm) 125<\/div>\n<div class=\"meta_title\">Garums (mm) 290<\/div>\n<div class=\"meta_title\">V\u0101ku tipa CO2 pistoles<\/div>\n<div class=\"meta_title\">Materi\u0101ls Met\u0101ls<\/div>\n<div class=\"meta_title\">Neto svars (g) 1106<\/div>\n<div class=\"meta_title\">Stils IMI<\/div>\n<div class=\"meta_title\">Platforma CO2<\/div>\n<div class=\"meta_title\">Jauda (fps) 340<\/div>\n<div class=\"meta_title\">Baro\u0161anas avots: CO2<\/div>\n<div class=\"meta_title\">Fotograf\u0113\u0161anas re\u017e\u012bms: Pusautom\u0101tisk\u0101 \/ Piln\u0101 autom\u0101tisk\u0101 re\u017e\u012bm\u0101<\/div>\n<\/div>\n","protected":false},"featured_media":120559,"template":"","meta":{"_acf_changed":false},"product_brand":[],"product_cat":[1000],"product_tag":[],"class_list":{"0":"post-148791","1":"product","2":"type-product","3":"status-publish","4":"has-post-thumbnail","6":"product_cat-rokas-pistoles","8":"first","9":"onbackorder","10":"taxable","11":"shipping-taxable","12":"product-type-simple"},"acf":[],"_links":{"self":[{"href":"https:\/\/kingarms.ee\/lv\/wp-json\/wp\/v2\/product\/148791","targetHints":{"allow":["GET"]}}],"collection":[{"href":"https:\/\/kingarms.ee\/lv\/wp-json\/wp\/v2\/product"}],"about":[{"href":"https:\/\/kingarms.ee\/lv\/wp-json\/wp\/v2\/types\/product"}],"wp:featuredmedia":[{"embeddable":true,"href":"https:\/\/kingarms.ee\/lv\/wp-json\/wp\/v2\/media\/120559"}],"wp:attachment":[{"href":"https:\/\/kingarms.ee\/lv\/wp-json\/wp\/v2\/media?parent=148791"}],"wp:term":[{"taxonomy":"product_brand","embeddable":true,"href":"https:\/\/kingarms.ee\/lv\/wp-json\/wp\/v2\/product_brand?post=148791"},{"taxonomy":"product_cat","embeddable":true,"href":"https:\/\/kingarms.ee\/lv\/wp-json\/wp\/v2\/product_cat?post=148791"},{"taxonomy":"product_tag","embeddable":true,"href":"https:\/\/kingarms.ee\/lv\/wp-json\/wp\/v2\/product_tag?post=148791"}],"curies":[{"name":"wp","href":"https:\/\/api.w.org\/{rel}","templated":true}]}}