{"id":148794,"date":"2022-05-23T12:47:28","date_gmt":"2025-05-04T15:03:38","guid":{"rendered":"https:\/\/kingarms.ee\/product\/pistoles-gpm92-gp2-replika-gg\/"},"modified":"2025-05-04T18:03:38","modified_gmt":"2025-05-04T15:03:38","slug":"pistoles-gpm92-gp2-replika-gg","status":"publish","type":"product","link":"https:\/\/kingarms.ee\/lv\/product\/pistoles-gpm92-gp2-replika-gg\/","title":{"rendered":"Pistoles GPM92 GP2 replika G&amp;G"},"content":{"rendered":"","protected":false},"excerpt":{"rendered":"<p>Pistoles GPM92 GP2 replika G&amp;G<\/p>\n<p>\u0100trums [FPS] ~ 320<br \/>\nUgunsgr\u0113ka veids<br \/>\nGarums [mm] 230<br \/>\nSvars [g] 1030<br \/>\n\u017durn\u0101la veids: \u017durn\u0101ls ar zemu v\u0101ci\u0146u<br \/>\n\u017durn\u0101la ietilp\u012bba [gab.] 27<br \/>\nHop-Up: J\u0101<br \/>\nAtgrie\u0161an\u0101s: J\u0101<br \/>\nIzgatavots no plastmasas + met\u0101la<br \/>\nDzin\u0113js \/ Dzin\u0113js ar g\u0101zes piedzi\u0146u &#8211; Za\u013c\u0101 g\u0101ze<\/p>\n","protected":false},"featured_media":120523,"template":"","meta":{"_acf_changed":false},"product_brand":[],"product_cat":[1000],"product_tag":[],"class_list":{"0":"post-148794","1":"product","2":"type-product","3":"status-publish","4":"has-post-thumbnail","6":"product_cat-rokas-pistoles","8":"first","9":"onbackorder","10":"taxable","11":"shipping-taxable","12":"product-type-simple"},"acf":[],"_links":{"self":[{"href":"https:\/\/kingarms.ee\/lv\/wp-json\/wp\/v2\/product\/148794","targetHints":{"allow":["GET"]}}],"collection":[{"href":"https:\/\/kingarms.ee\/lv\/wp-json\/wp\/v2\/product"}],"about":[{"href":"https:\/\/kingarms.ee\/lv\/wp-json\/wp\/v2\/types\/product"}],"wp:featuredmedia":[{"embeddable":true,"href":"https:\/\/kingarms.ee\/lv\/wp-json\/wp\/v2\/media\/120523"}],"wp:attachment":[{"href":"https:\/\/kingarms.ee\/lv\/wp-json\/wp\/v2\/media?parent=148794"}],"wp:term":[{"taxonomy":"product_brand","embeddable":true,"href":"https:\/\/kingarms.ee\/lv\/wp-json\/wp\/v2\/product_brand?post=148794"},{"taxonomy":"product_cat","embeddable":true,"href":"https:\/\/kingarms.ee\/lv\/wp-json\/wp\/v2\/product_cat?post=148794"},{"taxonomy":"product_tag","embeddable":true,"href":"https:\/\/kingarms.ee\/lv\/wp-json\/wp\/v2\/product_tag?post=148794"}],"curies":[{"name":"wp","href":"https:\/\/api.w.org\/{rel}","templated":true}]}}