{"id":148796,"date":"2022-05-23T12:36:30","date_gmt":"2025-05-04T15:06:34","guid":{"rendered":"https:\/\/kingarms.ee\/product\/tactical-master-gbb-tokyo-marui\/"},"modified":"2025-05-04T18:06:34","modified_gmt":"2025-05-04T15:06:34","slug":"tactical-master-gbb-tokyo-marui","status":"publish","type":"product","link":"https:\/\/kingarms.ee\/lv\/product\/tactical-master-gbb-tokyo-marui\/","title":{"rendered":"Tactical Master GBB [Tokyo Marui]"},"content":{"rendered":"","protected":false},"excerpt":{"rendered":"<p>Tactical Master GBB [Tokyo Marui]<\/p>\n<p>Re\u017e\u012bms: Puscaurspiediena (Blowback)<br \/>\nHop-Up: Fiks\u0113ts<br \/>\nFotograf\u0113\u0161anas re\u017e\u012bms: Pusautom\u0101ts<br \/>\n\u017durn\u0101la ietilp\u012bba: 26 rds<br \/>\nGarums: 211 mm<br \/>\nIek\u0161\u0113jais stobra garums: 106 mm<br \/>\nV\u012btne: Nav pavedienu<br \/>\nKalibrs: 6 mm<br \/>\nSvars: 740 g<br \/>\nPieg\u0101des svars: 960 g<\/p>\n","protected":false},"featured_media":120505,"template":"","meta":{"_acf_changed":false},"product_brand":[],"product_cat":[1000],"product_tag":[],"class_list":{"0":"post-148796","1":"product","2":"type-product","3":"status-publish","4":"has-post-thumbnail","6":"product_cat-rokas-pistoles","8":"first","9":"instock","10":"taxable","11":"shipping-taxable","12":"purchasable","13":"product-type-simple"},"acf":[],"_links":{"self":[{"href":"https:\/\/kingarms.ee\/lv\/wp-json\/wp\/v2\/product\/148796","targetHints":{"allow":["GET"]}}],"collection":[{"href":"https:\/\/kingarms.ee\/lv\/wp-json\/wp\/v2\/product"}],"about":[{"href":"https:\/\/kingarms.ee\/lv\/wp-json\/wp\/v2\/types\/product"}],"wp:featuredmedia":[{"embeddable":true,"href":"https:\/\/kingarms.ee\/lv\/wp-json\/wp\/v2\/media\/120505"}],"wp:attachment":[{"href":"https:\/\/kingarms.ee\/lv\/wp-json\/wp\/v2\/media?parent=148796"}],"wp:term":[{"taxonomy":"product_brand","embeddable":true,"href":"https:\/\/kingarms.ee\/lv\/wp-json\/wp\/v2\/product_brand?post=148796"},{"taxonomy":"product_cat","embeddable":true,"href":"https:\/\/kingarms.ee\/lv\/wp-json\/wp\/v2\/product_cat?post=148796"},{"taxonomy":"product_tag","embeddable":true,"href":"https:\/\/kingarms.ee\/lv\/wp-json\/wp\/v2\/product_tag?post=148796"}],"curies":[{"name":"wp","href":"https:\/\/api.w.org\/{rel}","templated":true}]}}