{"id":148798,"date":"2022-05-23T11:58:33","date_gmt":"2025-05-04T15:09:45","guid":{"rendered":"https:\/\/kingarms.ee\/product\/pt24-7-co2-kwc\/"},"modified":"2025-05-04T18:09:45","modified_gmt":"2025-05-04T15:09:45","slug":"pt24-7-co2-kwc","status":"publish","type":"product","link":"https:\/\/kingarms.ee\/lv\/product\/pt24-7-co2-kwc\/","title":{"rendered":"PT24\/7 CO2 [KWC]"},"content":{"rendered":"","protected":false},"excerpt":{"rendered":"<p>PT24\/7 CO2 [KWC]<\/p>\n<p>Svars: 530 g<br \/>\nKr\u0101sa: melna<br \/>\nMateri\u0101ls: alum\u012bnijs, polim\u0113rs<br \/>\nUgunsgr\u0113ka re\u017e\u012bms: vienreiz\u0113js<br \/>\n\u017durn\u0101la veids: LiPo<br \/>\nGarantijas termi\u0146\u0161: Garantijas termi\u0146\u0161: 6 m\u0113ne\u0161i<br \/>\nAtpaka\u013cpl\u016bsma: n\u0113<br \/>\nMun\u012bcija: .23g, .20g<br \/>\nGarums: 180 mm<br \/>\n\u017durn\u0101la ietilp\u012bba: 15 patronas<br \/>\nGar\u0101mgala ener\u0123ija: 1,49 J<br \/>\nIztrieciena \u0101trums fps: 400<br \/>\nRa\u017eot\u0101js: KWC<\/p>\n","protected":false},"featured_media":120499,"template":"","meta":{"_acf_changed":false},"product_brand":[],"product_cat":[1000],"product_tag":[],"class_list":{"0":"post-148798","1":"product","2":"type-product","3":"status-publish","4":"has-post-thumbnail","6":"product_cat-rokas-pistoles","8":"first","9":"onbackorder","10":"taxable","11":"shipping-taxable","12":"product-type-simple"},"acf":[],"_links":{"self":[{"href":"https:\/\/kingarms.ee\/lv\/wp-json\/wp\/v2\/product\/148798","targetHints":{"allow":["GET"]}}],"collection":[{"href":"https:\/\/kingarms.ee\/lv\/wp-json\/wp\/v2\/product"}],"about":[{"href":"https:\/\/kingarms.ee\/lv\/wp-json\/wp\/v2\/types\/product"}],"wp:featuredmedia":[{"embeddable":true,"href":"https:\/\/kingarms.ee\/lv\/wp-json\/wp\/v2\/media\/120499"}],"wp:attachment":[{"href":"https:\/\/kingarms.ee\/lv\/wp-json\/wp\/v2\/media?parent=148798"}],"wp:term":[{"taxonomy":"product_brand","embeddable":true,"href":"https:\/\/kingarms.ee\/lv\/wp-json\/wp\/v2\/product_brand?post=148798"},{"taxonomy":"product_cat","embeddable":true,"href":"https:\/\/kingarms.ee\/lv\/wp-json\/wp\/v2\/product_cat?post=148798"},{"taxonomy":"product_tag","embeddable":true,"href":"https:\/\/kingarms.ee\/lv\/wp-json\/wp\/v2\/product_tag?post=148798"}],"curies":[{"name":"wp","href":"https:\/\/api.w.org\/{rel}","templated":true}]}}