{"id":148800,"date":"2022-05-23T11:53:03","date_gmt":"2025-05-04T15:13:03","guid":{"rendered":"https:\/\/kingarms.ee\/product\/hk-usp-p8-pistoles-replika-hk\/"},"modified":"2025-05-04T18:13:03","modified_gmt":"2025-05-04T15:13:03","slug":"hk-usp-p8-pistoles-replika-hk","status":"publish","type":"product","link":"https:\/\/kingarms.ee\/lv\/product\/hk-usp-p8-pistoles-replika-hk\/","title":{"rendered":"H&amp;K USP P8 pistoles replika H&amp;K"},"content":{"rendered":"","protected":false},"excerpt":{"rendered":"<p>H&amp;K USP P8 pistoles replika H&amp;K<\/p>\n<p>Izgatavots no plastmasas + met\u0101la<br \/>\nDzin\u0113js \/ Darbina g\u0101zes dzin\u0113js &#8211; CO2 12g<br \/>\n\u0100trums [FPS] ~ 420<br \/>\nGarums [mm] 200<br \/>\nSvars [g] 500<br \/>\nUgunsgr\u0113ka veids: Viens<br \/>\n\u017durn\u0101la tips:Low-Cap magazine<br \/>\n\u017durn\u0101la ietilp\u012bba [gab.] 17<br \/>\nHop-Up: J\u0101<br \/>\nAtpaka\u013c trieciens: N\u0113<\/p>\n","protected":false},"featured_media":120493,"template":"","meta":{"_acf_changed":false},"product_brand":[],"product_cat":[1000],"product_tag":[],"class_list":{"0":"post-148800","1":"product","2":"type-product","3":"status-publish","4":"has-post-thumbnail","6":"product_cat-rokas-pistoles","8":"first","9":"onbackorder","10":"taxable","11":"shipping-taxable","12":"product-type-simple"},"acf":[],"_links":{"self":[{"href":"https:\/\/kingarms.ee\/lv\/wp-json\/wp\/v2\/product\/148800","targetHints":{"allow":["GET"]}}],"collection":[{"href":"https:\/\/kingarms.ee\/lv\/wp-json\/wp\/v2\/product"}],"about":[{"href":"https:\/\/kingarms.ee\/lv\/wp-json\/wp\/v2\/types\/product"}],"wp:featuredmedia":[{"embeddable":true,"href":"https:\/\/kingarms.ee\/lv\/wp-json\/wp\/v2\/media\/120493"}],"wp:attachment":[{"href":"https:\/\/kingarms.ee\/lv\/wp-json\/wp\/v2\/media?parent=148800"}],"wp:term":[{"taxonomy":"product_brand","embeddable":true,"href":"https:\/\/kingarms.ee\/lv\/wp-json\/wp\/v2\/product_brand?post=148800"},{"taxonomy":"product_cat","embeddable":true,"href":"https:\/\/kingarms.ee\/lv\/wp-json\/wp\/v2\/product_cat?post=148800"},{"taxonomy":"product_tag","embeddable":true,"href":"https:\/\/kingarms.ee\/lv\/wp-json\/wp\/v2\/product_tag?post=148800"}],"curies":[{"name":"wp","href":"https:\/\/api.w.org\/{rel}","templated":true}]}}