{"id":148807,"date":"2022-05-19T03:11:47","date_gmt":"2025-05-04T15:23:07","guid":{"rendered":"https:\/\/kingarms.ee\/product\/saliekamais-arbalets-140fps-js-arhitektura\/"},"modified":"2025-05-04T18:23:07","modified_gmt":"2025-05-04T15:23:07","slug":"saliekamais-arbalets-140fps-js-arhitektura","status":"publish","type":"product","link":"https:\/\/kingarms.ee\/lv\/product\/saliekamais-arbalets-140fps-js-arhitektura\/","title":{"rendered":"SALIEKAMAIS ARBALETS 140FPS [JS-ARHITEKT\u016aRA]"},"content":{"rendered":"","protected":false},"excerpt":{"rendered":"<p>Saliekamais arbalets 140fps [js-arhitekt\u016bra]<\/p>\n<p>Saliekamais arbalets<br \/>\n\u0100trums 140 kadri sekund\u0113<br \/>\nJaudas diapazons: 9&#8243;<br \/>\nPolim\u0113ra korpuss<br \/>\nMet\u0101la loku d\u0113\u013ca konstrukcija un bumbi\u0146u \u017eurn\u0101ls<br \/>\nRegul\u0113jams aizmugures skats<\/p>\n<p>Dro\u0161s<br \/>\nMet\u0101la rokturis p\u0101rn\u0113s\u0101\u0161anai<br \/>\nAug\u0161\u0113jais \u017eurn\u0101ls 26 bumbi\u0146\u0101m<br \/>\nIzmantojams gan ar skr\u016bv\u0113m, gan lod\u0113m<br \/>\nIzm\u0113ri 755 mm x 565 mm<br \/>\nSvars 2300 g<\/p>\n","protected":false},"featured_media":120154,"template":"","meta":{"_acf_changed":false},"product_brand":[],"product_cat":[1013,1014],"product_tag":[],"class_list":{"0":"post-148807","1":"product","2":"type-product","3":"status-publish","4":"has-post-thumbnail","6":"product_cat-loki-un-sen","7":"product_cat-sens","9":"first","10":"instock","11":"purchasable","12":"product-type-simple"},"acf":[],"_links":{"self":[{"href":"https:\/\/kingarms.ee\/lv\/wp-json\/wp\/v2\/product\/148807","targetHints":{"allow":["GET"]}}],"collection":[{"href":"https:\/\/kingarms.ee\/lv\/wp-json\/wp\/v2\/product"}],"about":[{"href":"https:\/\/kingarms.ee\/lv\/wp-json\/wp\/v2\/types\/product"}],"wp:featuredmedia":[{"embeddable":true,"href":"https:\/\/kingarms.ee\/lv\/wp-json\/wp\/v2\/media\/120154"}],"wp:attachment":[{"href":"https:\/\/kingarms.ee\/lv\/wp-json\/wp\/v2\/media?parent=148807"}],"wp:term":[{"taxonomy":"product_brand","embeddable":true,"href":"https:\/\/kingarms.ee\/lv\/wp-json\/wp\/v2\/product_brand?post=148807"},{"taxonomy":"product_cat","embeddable":true,"href":"https:\/\/kingarms.ee\/lv\/wp-json\/wp\/v2\/product_cat?post=148807"},{"taxonomy":"product_tag","embeddable":true,"href":"https:\/\/kingarms.ee\/lv\/wp-json\/wp\/v2\/product_tag?post=148807"}],"curies":[{"name":"wp","href":"https:\/\/api.w.org\/{rel}","templated":true}]}}