{"id":148823,"date":"2022-05-19T03:11:47","date_gmt":"2025-05-04T15:42:28","guid":{"rendered":"https:\/\/kingarms.ee\/product\/snaipera-sautene-ar-divkajaino-stativu\/"},"modified":"2025-05-04T18:42:28","modified_gmt":"2025-05-04T15:42:28","slug":"snaipera-sautene-ar-divkajaino-stativu","status":"publish","type":"product","link":"https:\/\/kingarms.ee\/lv\/product\/snaipera-sautene-ar-divkajaino-stativu\/","title":{"rendered":"SNAIPERA \u0160AUTENE AR DIVK\u0100JAINO STAT\u012aVU."},"content":{"rendered":"","protected":false},"excerpt":{"rendered":"<p>SNAIPERA \u0160AUTENE AR DIVK\u0100JAINO STAT\u012aVU.<\/p>\n<p>Snaipera skr\u016bvspunktu darb\u012bbas \u0161autene<br \/>\nAlum\u012bnija muca<br \/>\nPolim\u0113ra korpuss<br \/>\nRegul\u0113jams hop up<\/p>\n<p>Regul\u0113jams kr\u0101jums<br \/>\n30 patronu \u017eurn\u0101ls ar zemu tilpumu<br \/>\nDivk\u0101jainais stat\u012bvs iek\u013cauts komplekt\u0101<br \/>\nJostas un \u017eurn\u0101la iekr\u0101v\u0113ja garums 980 mm &#8211; 1210 mm<br \/>\nSvars 4500 g<br \/>\nZa\u013c\u0101 kr\u0101sa<\/p>\n","protected":false},"featured_media":120222,"template":"","meta":{"_acf_changed":false},"product_brand":[],"product_cat":[1003],"product_tag":[],"class_list":{"0":"post-148823","1":"product","2":"type-product","3":"status-publish","4":"has-post-thumbnail","6":"product_cat-snaipera-pistoles","8":"first","9":"onbackorder","10":"product-type-simple"},"acf":[],"_links":{"self":[{"href":"https:\/\/kingarms.ee\/lv\/wp-json\/wp\/v2\/product\/148823","targetHints":{"allow":["GET"]}}],"collection":[{"href":"https:\/\/kingarms.ee\/lv\/wp-json\/wp\/v2\/product"}],"about":[{"href":"https:\/\/kingarms.ee\/lv\/wp-json\/wp\/v2\/types\/product"}],"wp:featuredmedia":[{"embeddable":true,"href":"https:\/\/kingarms.ee\/lv\/wp-json\/wp\/v2\/media\/120222"}],"wp:attachment":[{"href":"https:\/\/kingarms.ee\/lv\/wp-json\/wp\/v2\/media?parent=148823"}],"wp:term":[{"taxonomy":"product_brand","embeddable":true,"href":"https:\/\/kingarms.ee\/lv\/wp-json\/wp\/v2\/product_brand?post=148823"},{"taxonomy":"product_cat","embeddable":true,"href":"https:\/\/kingarms.ee\/lv\/wp-json\/wp\/v2\/product_cat?post=148823"},{"taxonomy":"product_tag","embeddable":true,"href":"https:\/\/kingarms.ee\/lv\/wp-json\/wp\/v2\/product_tag?post=148823"}],"curies":[{"name":"wp","href":"https:\/\/api.w.org\/{rel}","templated":true}]}}