{"id":148827,"date":"2022-05-19T03:11:47","date_gmt":"2025-05-04T15:48:09","guid":{"rendered":"https:\/\/kingarms.ee\/product\/snaipera-skruvgriezis-melns-labi\/"},"modified":"2025-05-04T18:48:09","modified_gmt":"2025-05-04T15:48:09","slug":"snaipera-skruvgriezis-melns-labi","status":"publish","type":"product","link":"https:\/\/kingarms.ee\/lv\/product\/snaipera-skruvgriezis-melns-labi\/","title":{"rendered":"SNAIPERA SKR\u016aVGRIEZIS MELNS [LABI]"},"content":{"rendered":"","protected":false},"excerpt":{"rendered":"<p>Snaipera skr\u016bvgriezis melns [labi]<\/p>\n<p>Snaipera skr\u016bvspunktu darb\u012bbas \u0161autene<br \/>\nPastiprin\u0101ts polim\u0113ra korpuss<br \/>\nMet\u0101la \u0101r\u0113jais stobrs un aug\u0161\u0113jais uztv\u0113r\u0113js<br \/>\nSalok\u0101ma polim\u0113ra piekare ar regul\u0113jamu vaigu spilventi\u0146u<br \/>\nSalok\u0101ms, regul\u0113jams un no\u0146emams met\u0101la divk\u0101jains stat\u012bvs<br \/>\n30 patronu met\u0101la magaz\u012bns ar zemu tvertnes tilpumu<br \/>\nAug\u0161\u0113j\u0101 standarta 20 mm sliedes<br \/>\nPolim\u0113ra stat\u012bvs ar 4x standarta 20 mm slied\u0113m<br \/>\nMet\u0101la slingu stiprin\u0101jumi<br \/>\nKomplekt\u0101 iek\u013cauta n\u0113s\u0101\u0161anas siksna<br \/>\nRegul\u0113jams hop up<\/p>\n<p>\u0160au\u0161anas re\u017e\u012bms: dro\u0161s un ar vienu \u0161\u0101vienu<br \/>\nGarums 960 mm &#8211; 1850 mm<br \/>\nSvars 4300 g<\/p>\n","protected":false},"featured_media":120244,"template":"","meta":{"_acf_changed":false},"product_brand":[],"product_cat":[1003],"product_tag":[],"class_list":{"0":"post-148827","1":"product","2":"type-product","3":"status-publish","4":"has-post-thumbnail","6":"product_cat-snaipera-pistoles","8":"first","9":"onbackorder","10":"sale","11":"product-type-simple"},"acf":[],"_links":{"self":[{"href":"https:\/\/kingarms.ee\/lv\/wp-json\/wp\/v2\/product\/148827","targetHints":{"allow":["GET"]}}],"collection":[{"href":"https:\/\/kingarms.ee\/lv\/wp-json\/wp\/v2\/product"}],"about":[{"href":"https:\/\/kingarms.ee\/lv\/wp-json\/wp\/v2\/types\/product"}],"wp:featuredmedia":[{"embeddable":true,"href":"https:\/\/kingarms.ee\/lv\/wp-json\/wp\/v2\/media\/120244"}],"wp:attachment":[{"href":"https:\/\/kingarms.ee\/lv\/wp-json\/wp\/v2\/media?parent=148827"}],"wp:term":[{"taxonomy":"product_brand","embeddable":true,"href":"https:\/\/kingarms.ee\/lv\/wp-json\/wp\/v2\/product_brand?post=148827"},{"taxonomy":"product_cat","embeddable":true,"href":"https:\/\/kingarms.ee\/lv\/wp-json\/wp\/v2\/product_cat?post=148827"},{"taxonomy":"product_tag","embeddable":true,"href":"https:\/\/kingarms.ee\/lv\/wp-json\/wp\/v2\/product_tag?post=148827"}],"curies":[{"name":"wp","href":"https:\/\/api.w.org\/{rel}","templated":true}]}}