{"id":148829,"date":"2022-05-19T03:11:36","date_gmt":"2025-05-04T15:51:06","guid":{"rendered":"https:\/\/kingarms.ee\/product\/spring-power-snaipera-sautene-m40-melna-dberniem\/"},"modified":"2025-05-04T18:51:06","modified_gmt":"2025-05-04T15:51:06","slug":"spring-power-snaipera-sautene-m40-melna-dberniem","status":"publish","type":"product","link":"https:\/\/kingarms.ee\/lv\/product\/spring-power-snaipera-sautene-m40-melna-dberniem\/","title":{"rendered":"SPRING POWER SNAIPERA \u0160AUTENE M40 MELNA [D|B\u0112RNIEM]"},"content":{"rendered":"","protected":false},"excerpt":{"rendered":"<p>Spring power snaipera \u0161autene m40 melna [d|b\u0113rniem]<\/p>\n<p>Abs \u0137ermenis<br \/>\nMet\u0101la stobrs, sliedes un iek\u0161\u0113j\u0101s deta\u013cas<br \/>\n30 patronu \u017eurn\u0101ls<br \/>\nDro\u0161\u012bbas sl\u0113dzene, viena \u0161\u0101viena<br \/>\nRegul\u0113jams vaigu spilventi\u0146\u0161<br \/>\nGarums 115 cm<br \/>\nSvars 2920 g<\/p>\n","protected":false},"featured_media":120249,"template":"","meta":{"_acf_changed":false},"product_brand":[],"product_cat":[1003],"product_tag":[],"class_list":{"0":"post-148829","1":"product","2":"type-product","3":"status-publish","4":"has-post-thumbnail","6":"product_cat-snaipera-pistoles","8":"first","9":"onbackorder","10":"sale","11":"product-type-simple"},"acf":[],"_links":{"self":[{"href":"https:\/\/kingarms.ee\/lv\/wp-json\/wp\/v2\/product\/148829","targetHints":{"allow":["GET"]}}],"collection":[{"href":"https:\/\/kingarms.ee\/lv\/wp-json\/wp\/v2\/product"}],"about":[{"href":"https:\/\/kingarms.ee\/lv\/wp-json\/wp\/v2\/types\/product"}],"wp:featuredmedia":[{"embeddable":true,"href":"https:\/\/kingarms.ee\/lv\/wp-json\/wp\/v2\/media\/120249"}],"wp:attachment":[{"href":"https:\/\/kingarms.ee\/lv\/wp-json\/wp\/v2\/media?parent=148829"}],"wp:term":[{"taxonomy":"product_brand","embeddable":true,"href":"https:\/\/kingarms.ee\/lv\/wp-json\/wp\/v2\/product_brand?post=148829"},{"taxonomy":"product_cat","embeddable":true,"href":"https:\/\/kingarms.ee\/lv\/wp-json\/wp\/v2\/product_cat?post=148829"},{"taxonomy":"product_tag","embeddable":true,"href":"https:\/\/kingarms.ee\/lv\/wp-json\/wp\/v2\/product_tag?post=148829"}],"curies":[{"name":"wp","href":"https:\/\/api.w.org\/{rel}","templated":true}]}}