{"id":148832,"date":"2022-05-19T03:11:36","date_gmt":"2025-05-04T15:55:17","guid":{"rendered":"https:\/\/kingarms.ee\/product\/snaipera-sautene-streikotajs-as-02-ameba\/"},"modified":"2025-05-04T18:55:17","modified_gmt":"2025-05-04T15:55:17","slug":"snaipera-sautene-streikotajs-as-02-ameba","status":"publish","type":"product","link":"https:\/\/kingarms.ee\/lv\/product\/snaipera-sautene-streikotajs-as-02-ameba\/","title":{"rendered":"SNAIPERA \u0160AUTENE STREIKOT\u0100JS AS-02 [AMEBA]"},"content":{"rendered":"","protected":false},"excerpt":{"rendered":"<p>Snaipera \u0161autenes uzbruc\u0113js as-02 [ameba]<\/p>\n<p>Skr\u016bves darb\u012bba<br \/>\n45 patronu \u017eurn\u0101ls<br \/>\nM-lok aizsargs<br \/>\nNeilona \u0161\u0137iedras korpuss<br \/>\nMet\u0101la stobrs, aug\u0161\u0113j\u0101 sliede, spr\u016bds un svira<br \/>\nGatavs ugu\u0146o\u0161anai indikators<br \/>\nAkcija ar plecu balstu<br \/>\nRegul\u0113jams hop up<\/p>\n<p>Dro\u0161\u012bbas sl\u0113dzene, viena \u0161\u0101viena<br \/>\nNodal\u012bjums ar mont\u0101\u017eas un regul\u0113\u0161anas atsl\u0113g\u0101m<br \/>\nGarums 860 mm<br \/>\nSvars 2200 g<\/p>\n","protected":false},"featured_media":120263,"template":"","meta":{"_acf_changed":false},"product_brand":[],"product_cat":[1003],"product_tag":[],"class_list":{"0":"post-148832","1":"product","2":"type-product","3":"status-publish","4":"has-post-thumbnail","6":"product_cat-snaipera-pistoles","8":"first","9":"instock","10":"sale","11":"purchasable","12":"product-type-simple"},"acf":[],"_links":{"self":[{"href":"https:\/\/kingarms.ee\/lv\/wp-json\/wp\/v2\/product\/148832","targetHints":{"allow":["GET"]}}],"collection":[{"href":"https:\/\/kingarms.ee\/lv\/wp-json\/wp\/v2\/product"}],"about":[{"href":"https:\/\/kingarms.ee\/lv\/wp-json\/wp\/v2\/types\/product"}],"wp:featuredmedia":[{"embeddable":true,"href":"https:\/\/kingarms.ee\/lv\/wp-json\/wp\/v2\/media\/120263"}],"wp:attachment":[{"href":"https:\/\/kingarms.ee\/lv\/wp-json\/wp\/v2\/media?parent=148832"}],"wp:term":[{"taxonomy":"product_brand","embeddable":true,"href":"https:\/\/kingarms.ee\/lv\/wp-json\/wp\/v2\/product_brand?post=148832"},{"taxonomy":"product_cat","embeddable":true,"href":"https:\/\/kingarms.ee\/lv\/wp-json\/wp\/v2\/product_cat?post=148832"},{"taxonomy":"product_tag","embeddable":true,"href":"https:\/\/kingarms.ee\/lv\/wp-json\/wp\/v2\/product_tag?post=148832"}],"curies":[{"name":"wp","href":"https:\/\/api.w.org\/{rel}","templated":true}]}}