{"id":148836,"date":"2022-05-19T03:11:36","date_gmt":"2025-05-05T06:56:12","guid":{"rendered":"https:\/\/kingarms.ee\/product\/snaipera-skruvgrieza-darbibas-sautene-streikotajs-ameba\/"},"modified":"2025-05-05T09:56:12","modified_gmt":"2025-05-05T06:56:12","slug":"snaipera-skruvgrieza-darbibas-sautene-streikotajs-ameba","status":"publish","type":"product","link":"https:\/\/kingarms.ee\/lv\/product\/snaipera-skruvgrieza-darbibas-sautene-streikotajs-ameba\/","title":{"rendered":"SNAIPERA SKR\u016aVGRIE\u017dA DARB\u012aBAS \u0160AUTENE STREIKOT\u0100JS AMEBA"},"content":{"rendered":"","protected":false},"excerpt":{"rendered":"<p>SNAIPERA SKR\u016aVGRIE\u017dA DARB\u012aBAS \u0160AUTENE STREIKOT\u0100JS AMEBA<\/p>\n<p>Pavasara piedzi\u0146a<br \/>\nJauna 2. paaudzes aug\u0161\u0113jais uztv\u0113r\u0113js<br \/>\nZemas ietilp\u012bbas 45 patronu magaz\u012bns<br \/>\nPilna garuma standarta 20 mm aug\u0161\u0113j\u0101 sliede<br \/>\nRegul\u0113jams spr\u016bda meh\u0101nisms<br \/>\nTaktisk\u0101 piekare ar regul\u0113jamu vaigu da\u013cu un pakau\u0161a spilventi\u0146u ar<br \/>\nRezerves magwell<br \/>\nRegul\u0113jams hop up<\/p>\n<p>Savietojams ar s\u0113rijas deta\u013c\u0101m<br \/>\nGarums 1070 mm<br \/>\nSvars 3000 g<\/p>\n","protected":false},"featured_media":120279,"template":"","meta":{"_acf_changed":false},"product_brand":[],"product_cat":[1003],"product_tag":[],"class_list":{"0":"post-148836","1":"product","2":"type-product","3":"status-publish","4":"has-post-thumbnail","6":"product_cat-snaipera-pistoles","8":"first","9":"onbackorder","10":"product-type-simple"},"acf":[],"_links":{"self":[{"href":"https:\/\/kingarms.ee\/lv\/wp-json\/wp\/v2\/product\/148836","targetHints":{"allow":["GET"]}}],"collection":[{"href":"https:\/\/kingarms.ee\/lv\/wp-json\/wp\/v2\/product"}],"about":[{"href":"https:\/\/kingarms.ee\/lv\/wp-json\/wp\/v2\/types\/product"}],"wp:featuredmedia":[{"embeddable":true,"href":"https:\/\/kingarms.ee\/lv\/wp-json\/wp\/v2\/media\/120279"}],"wp:attachment":[{"href":"https:\/\/kingarms.ee\/lv\/wp-json\/wp\/v2\/media?parent=148836"}],"wp:term":[{"taxonomy":"product_brand","embeddable":true,"href":"https:\/\/kingarms.ee\/lv\/wp-json\/wp\/v2\/product_brand?post=148836"},{"taxonomy":"product_cat","embeddable":true,"href":"https:\/\/kingarms.ee\/lv\/wp-json\/wp\/v2\/product_cat?post=148836"},{"taxonomy":"product_tag","embeddable":true,"href":"https:\/\/kingarms.ee\/lv\/wp-json\/wp\/v2\/product_tag?post=148836"}],"curies":[{"name":"wp","href":"https:\/\/api.w.org\/{rel}","templated":true}]}}