{"id":148852,"date":"2022-05-17T23:10:00","date_gmt":"2025-05-05T07:15:05","guid":{"rendered":"https:\/\/kingarms.ee\/product\/micro-roni-kit-karabinu-konvertesanas-komplekts-caa\/"},"modified":"2025-05-05T10:15:05","modified_gmt":"2025-05-05T07:15:05","slug":"micro-roni-kit-karabinu-konvertesanas-komplekts-caa","status":"publish","type":"product","link":"https:\/\/kingarms.ee\/lv\/product\/micro-roni-kit-karabinu-konvertesanas-komplekts-caa\/","title":{"rendered":"Micro Roni Kit karab\u012bnu konvert\u0113\u0161anas komplekts CAA"},"content":{"rendered":"","protected":false},"excerpt":{"rendered":"<p>Micro Roni Kit karab\u012bnu konvert\u0113\u0161anas komplekts CAA<\/p>\n<p>Pistoles-karab\u012bnes konversijas komplekts glock 17\/19\/22 s\u0113rijai<br \/>\nPistoles demont\u0101\u017ea nav nepiecie\u0161ama<br \/>\nTie\u0161\u0101 piek\u013cuve pistoles aizvara atbr\u012bvo\u0161anai<br \/>\nIzgatavots no polim\u0113ra<br \/>\nSalok\u0101ms kr\u0101jums<br \/>\nStandarta 20 mm aug\u0161\u0113j\u0101s un s\u0101nu sliedes<br \/>\nNo\u0146emamu \u012bk\u0161\u0137u balstu komplekts<br \/>\nPriek\u0161\u0113jais papildu magaz\u012bna tur\u0113t\u0101js<br \/>\nAbpus\u0113ji regul\u0113jams l\u0101d\u0113\u0161anas rokturis un spr\u016bda aizsargs<br \/>\nQd stiprin\u0101jums 1 punkta siksnai<br \/>\nPapildus caa taktisk\u0101 gaisma zem zibspuldzes sl\u0113p\u0113ja nav iek\u013cauta komplekt\u0101cij\u0101<br \/>\nPapildu atv\u0101\u017eamie uzskates luktur\u012b\u0161i nav iek\u013cauti komplekt\u0101cij\u0101, nop\u0113rkami atsevi\u0161\u0137i (cad-sis-01-bk)<br \/>\nGarums 360 mm &#8211; 580 mm<br \/>\nSvars 890 g<\/p>\n","protected":false},"featured_media":119947,"template":"","meta":{"_acf_changed":false},"product_brand":[],"product_cat":[1000,1001],"product_tag":[],"class_list":{"0":"post-148852","1":"product","2":"type-product","3":"status-publish","4":"has-post-thumbnail","6":"product_cat-rokas-pistoles","7":"product_cat-tirdzniecibas-automati","9":"first","10":"onbackorder","11":"product-type-simple"},"acf":[],"_links":{"self":[{"href":"https:\/\/kingarms.ee\/lv\/wp-json\/wp\/v2\/product\/148852","targetHints":{"allow":["GET"]}}],"collection":[{"href":"https:\/\/kingarms.ee\/lv\/wp-json\/wp\/v2\/product"}],"about":[{"href":"https:\/\/kingarms.ee\/lv\/wp-json\/wp\/v2\/types\/product"}],"wp:featuredmedia":[{"embeddable":true,"href":"https:\/\/kingarms.ee\/lv\/wp-json\/wp\/v2\/media\/119947"}],"wp:attachment":[{"href":"https:\/\/kingarms.ee\/lv\/wp-json\/wp\/v2\/media?parent=148852"}],"wp:term":[{"taxonomy":"product_brand","embeddable":true,"href":"https:\/\/kingarms.ee\/lv\/wp-json\/wp\/v2\/product_brand?post=148852"},{"taxonomy":"product_cat","embeddable":true,"href":"https:\/\/kingarms.ee\/lv\/wp-json\/wp\/v2\/product_cat?post=148852"},{"taxonomy":"product_tag","embeddable":true,"href":"https:\/\/kingarms.ee\/lv\/wp-json\/wp\/v2\/product_tag?post=148852"}],"curies":[{"name":"wp","href":"https:\/\/api.w.org\/{rel}","templated":true}]}}