{"id":148859,"date":"2022-05-17T23:10:00","date_gmt":"2025-05-05T07:28:56","guid":{"rendered":"https:\/\/kingarms.ee\/product\/elektriska-sautene-am-014-amoeba\/"},"modified":"2025-05-05T10:28:56","modified_gmt":"2025-05-05T07:28:56","slug":"elektriska-sautene-am-014-amoeba","status":"publish","type":"product","link":"https:\/\/kingarms.ee\/lv\/product\/elektriska-sautene-am-014-amoeba\/","title":{"rendered":"Elektrisk\u0101 \u0161autene AM-014 Amoeba"},"content":{"rendered":"","protected":false},"excerpt":{"rendered":"<p>Elektrisk\u0101 \u0161autene AM-014 Amoeba<\/p>\n<p>Neilona \u0161\u0137iedras aug\u0161\u0113jais un apak\u0161\u0113jais uztv\u0113r\u0113js<br \/>\nAlum\u012bnija priek\u0161gals un stobrs<br \/>\nMet\u0101la p\u0101rnesumk\u0101rba un iek\u0161\u0113jie zobrati<br \/>\nPapla\u0161in\u0101ms neilona \u0161\u0137iedras kr\u0101jums<br \/>\n300 patronu \u017eurn\u0101ls<br \/>\nDro\u0161s, ar vienu \u0161\u0101vienu un pilnpiedzi\u0146as<br \/>\nUguns re\u017e\u012bmu var piel\u0101got ar \u0101r\u0113jo elektronisko programm\u0113t\u0101ju (nav iek\u013cauts komplekt\u0101)programmatore esterno (non incluso)<br \/>\nRegul\u0113jams hop up<\/p>\n<p>Augsta griezes momenta plakanais motors<br \/>\nGarums 680\/790 mm<br \/>\nSvars 2400 g<\/p>\n","protected":false},"featured_media":119980,"template":"","meta":{"_acf_changed":false},"product_brand":[],"product_cat":[1001],"product_tag":[1317],"class_list":{"0":"post-148859","1":"product","2":"type-product","3":"status-publish","4":"has-post-thumbnail","6":"product_cat-tirdzniecibas-automati","7":"product_tag-4blss3ph-lv","9":"first","10":"onbackorder","11":"product-type-simple"},"acf":[],"_links":{"self":[{"href":"https:\/\/kingarms.ee\/lv\/wp-json\/wp\/v2\/product\/148859","targetHints":{"allow":["GET"]}}],"collection":[{"href":"https:\/\/kingarms.ee\/lv\/wp-json\/wp\/v2\/product"}],"about":[{"href":"https:\/\/kingarms.ee\/lv\/wp-json\/wp\/v2\/types\/product"}],"wp:featuredmedia":[{"embeddable":true,"href":"https:\/\/kingarms.ee\/lv\/wp-json\/wp\/v2\/media\/119980"}],"wp:attachment":[{"href":"https:\/\/kingarms.ee\/lv\/wp-json\/wp\/v2\/media?parent=148859"}],"wp:term":[{"taxonomy":"product_brand","embeddable":true,"href":"https:\/\/kingarms.ee\/lv\/wp-json\/wp\/v2\/product_brand?post=148859"},{"taxonomy":"product_cat","embeddable":true,"href":"https:\/\/kingarms.ee\/lv\/wp-json\/wp\/v2\/product_cat?post=148859"},{"taxonomy":"product_tag","embeddable":true,"href":"https:\/\/kingarms.ee\/lv\/wp-json\/wp\/v2\/product_tag?post=148859"}],"curies":[{"name":"wp","href":"https:\/\/api.w.org\/{rel}","templated":true}]}}