{"id":148861,"date":"2022-05-17T23:10:00","date_gmt":"2025-05-05T07:31:38","guid":{"rendered":"https:\/\/kingarms.ee\/product\/elektriska-sautene-m4-45-pistole-s-klase-ares\/"},"modified":"2025-05-05T10:31:38","modified_gmt":"2025-05-05T07:31:38","slug":"elektriska-sautene-m4-45-pistole-s-klase-ares","status":"publish","type":"product","link":"https:\/\/kingarms.ee\/lv\/product\/elektriska-sautene-m4-45-pistole-s-klase-ares\/","title":{"rendered":"ELEKTRISK\u0100 \u0160AUTENE M4 45 PISTOLE S-KLASE [ARES]"},"content":{"rendered":"","protected":false},"excerpt":{"rendered":"<p>Elektrisk\u0101 \u0161autene m4 45 pistole s-klase [ares]<\/p>\n<p>M4 45 pistole s-klases s<br \/>\nAbs \u0137ermenis<br \/>\nMet\u0101la p\u0101rnesumk\u0101rba<br \/>\nAlum\u012bnija aizsargs<br \/>\nIevelkams kr\u0101jums<\/p>\n<p>Dubultie magaz\u012bni 55 un 125 k\u0101rt\u0101m<br \/>\nAugsta griezes momenta motors<br \/>\nDivpus\u0113ji lietojams uguns selektors<br \/>\nFlip-up skata ier\u012bces<br \/>\nGarums 495-585 mm<br \/>\nSvars 1970g<\/p>\n","protected":false},"featured_media":120118,"template":"","meta":{"_acf_changed":false},"product_brand":[],"product_cat":[1001],"product_tag":[1317],"class_list":{"0":"post-148861","1":"product","2":"type-product","3":"status-publish","4":"has-post-thumbnail","6":"product_cat-tirdzniecibas-automati","7":"product_tag-4blss3ph-lv","9":"first","10":"instock","11":"sale","12":"purchasable","13":"product-type-simple"},"acf":[],"_links":{"self":[{"href":"https:\/\/kingarms.ee\/lv\/wp-json\/wp\/v2\/product\/148861","targetHints":{"allow":["GET"]}}],"collection":[{"href":"https:\/\/kingarms.ee\/lv\/wp-json\/wp\/v2\/product"}],"about":[{"href":"https:\/\/kingarms.ee\/lv\/wp-json\/wp\/v2\/types\/product"}],"wp:featuredmedia":[{"embeddable":true,"href":"https:\/\/kingarms.ee\/lv\/wp-json\/wp\/v2\/media\/120118"}],"wp:attachment":[{"href":"https:\/\/kingarms.ee\/lv\/wp-json\/wp\/v2\/media?parent=148861"}],"wp:term":[{"taxonomy":"product_brand","embeddable":true,"href":"https:\/\/kingarms.ee\/lv\/wp-json\/wp\/v2\/product_brand?post=148861"},{"taxonomy":"product_cat","embeddable":true,"href":"https:\/\/kingarms.ee\/lv\/wp-json\/wp\/v2\/product_cat?post=148861"},{"taxonomy":"product_tag","embeddable":true,"href":"https:\/\/kingarms.ee\/lv\/wp-json\/wp\/v2\/product_tag?post=148861"}],"curies":[{"name":"wp","href":"https:\/\/api.w.org\/{rel}","templated":true}]}}