{"id":148870,"date":"2022-05-17T23:10:00","date_gmt":"2025-05-05T07:42:55","guid":{"rendered":"https:\/\/kingarms.ee\/product\/digitalais-akumulatora-ietilpibas-kontrolieris\/"},"modified":"2025-05-05T10:42:55","modified_gmt":"2025-05-05T07:42:55","slug":"digitalais-akumulatora-ietilpibas-kontrolieris","status":"publish","type":"product","link":"https:\/\/kingarms.ee\/lv\/product\/digitalais-akumulatora-ietilpibas-kontrolieris\/","title":{"rendered":"DIGIT\u0100LAIS AKUMULATORA IETILP\u012aBAS KONTROLIERIS"},"content":{"rendered":"","protected":false},"excerpt":{"rendered":"<p>Univers\u0101ls digit\u0101lais akumulatora jaudas p\u0101rbaud\u012bt\u0101js<br \/>\nPiem\u0113rots li-ion, li-po, li-fe, ni-mh, ni-cd akumulatoriem.<\/p>\n","protected":false},"featured_media":120027,"template":"","meta":{"_acf_changed":false},"product_brand":[],"product_cat":[1055],"product_tag":[],"class_list":{"0":"post-148870","1":"product","2":"type-product","3":"status-publish","4":"has-post-thumbnail","6":"product_cat-charargers-ir","8":"first","9":"instock","10":"purchasable","11":"product-type-simple"},"acf":[],"_links":{"self":[{"href":"https:\/\/kingarms.ee\/lv\/wp-json\/wp\/v2\/product\/148870","targetHints":{"allow":["GET"]}}],"collection":[{"href":"https:\/\/kingarms.ee\/lv\/wp-json\/wp\/v2\/product"}],"about":[{"href":"https:\/\/kingarms.ee\/lv\/wp-json\/wp\/v2\/types\/product"}],"wp:featuredmedia":[{"embeddable":true,"href":"https:\/\/kingarms.ee\/lv\/wp-json\/wp\/v2\/media\/120027"}],"wp:attachment":[{"href":"https:\/\/kingarms.ee\/lv\/wp-json\/wp\/v2\/media?parent=148870"}],"wp:term":[{"taxonomy":"product_brand","embeddable":true,"href":"https:\/\/kingarms.ee\/lv\/wp-json\/wp\/v2\/product_brand?post=148870"},{"taxonomy":"product_cat","embeddable":true,"href":"https:\/\/kingarms.ee\/lv\/wp-json\/wp\/v2\/product_cat?post=148870"},{"taxonomy":"product_tag","embeddable":true,"href":"https:\/\/kingarms.ee\/lv\/wp-json\/wp\/v2\/product_tag?post=148870"}],"curies":[{"name":"wp","href":"https:\/\/api.w.org\/{rel}","templated":true}]}}