{"id":148871,"date":"2022-05-16T16:37:00","date_gmt":"2025-05-05T07:44:14","guid":{"rendered":"https:\/\/kingarms.ee\/product\/sxr-004-sautenes-replika-ak\/"},"modified":"2025-05-05T10:44:14","modified_gmt":"2025-05-05T07:44:14","slug":"sxr-004-sautenes-replika-ak","status":"publish","type":"product","link":"https:\/\/kingarms.ee\/lv\/product\/sxr-004-sautenes-replika-ak\/","title":{"rendered":"SXR-004 \u0160autenes replika A&amp;K"},"content":{"rendered":"","protected":false},"excerpt":{"rendered":"<p>SXR-004 \u0160autenes replika A&amp;K<\/p>\n<p>\u0100trums [FPS] ~ 300<br \/>\nUgunsgr\u0113ka veids: Viens<br \/>\nGarums [mm] 1020<br \/>\nSvars [g] 3235<br \/>\n\u017durn\u0101la veids: Mun\u012bcija<br \/>\n\u017durn\u0101la ietilp\u012bba [gab.] 24<br \/>\nHop-Up: J\u0101<br \/>\nIzgatavots no plastmasas + met\u0101la<br \/>\nDzin\u0113js \/ Dzin\u0113js: Piedzi\u0146a ar atsperi<\/p>\n","protected":false},"featured_media":119793,"template":"","meta":{"_acf_changed":false},"product_brand":[],"product_cat":[1002],"product_tag":[],"class_list":{"0":"post-148871","1":"product","2":"type-product","3":"status-publish","4":"has-post-thumbnail","6":"product_cat-sukna-kodi","8":"first","9":"onbackorder","10":"product-type-simple"},"acf":[],"_links":{"self":[{"href":"https:\/\/kingarms.ee\/lv\/wp-json\/wp\/v2\/product\/148871","targetHints":{"allow":["GET"]}}],"collection":[{"href":"https:\/\/kingarms.ee\/lv\/wp-json\/wp\/v2\/product"}],"about":[{"href":"https:\/\/kingarms.ee\/lv\/wp-json\/wp\/v2\/types\/product"}],"wp:featuredmedia":[{"embeddable":true,"href":"https:\/\/kingarms.ee\/lv\/wp-json\/wp\/v2\/media\/119793"}],"wp:attachment":[{"href":"https:\/\/kingarms.ee\/lv\/wp-json\/wp\/v2\/media?parent=148871"}],"wp:term":[{"taxonomy":"product_brand","embeddable":true,"href":"https:\/\/kingarms.ee\/lv\/wp-json\/wp\/v2\/product_brand?post=148871"},{"taxonomy":"product_cat","embeddable":true,"href":"https:\/\/kingarms.ee\/lv\/wp-json\/wp\/v2\/product_cat?post=148871"},{"taxonomy":"product_tag","embeddable":true,"href":"https:\/\/kingarms.ee\/lv\/wp-json\/wp\/v2\/product_tag?post=148871"}],"curies":[{"name":"wp","href":"https:\/\/api.w.org\/{rel}","templated":true}]}}