{"id":148877,"date":"2022-05-16T16:37:48","date_gmt":"2025-05-05T07:51:59","guid":{"rendered":"https:\/\/kingarms.ee\/product\/mb-02f-koks-well\/"},"modified":"2025-05-05T10:51:59","modified_gmt":"2025-05-05T07:51:59","slug":"mb-02f-koks-well","status":"publish","type":"product","link":"https:\/\/kingarms.ee\/lv\/product\/mb-02f-koks-well\/","title":{"rendered":"MB-02F Koks [WELL]"},"content":{"rendered":"","protected":false},"excerpt":{"rendered":"<p>MB-02F Koks [WELL]<\/p>\n<p>\u0100trums [FPS] ~ 400<br \/>\nUgunsgr\u0113ka veids<br \/>\nSvars [g] 2400<br \/>\n\u017durn\u0101la veids: \u017durn\u0101ls ar zemu v\u0101ci\u0146u<br \/>\n\u017durn\u0101la ietilp\u012bba [gab.] 20<br \/>\nHop-Up: J\u0101<br \/>\nIzgatavots no plastmasas + met\u0101la<br \/>\nDzin\u0113js \/ Dzin\u0113js ar atsperes piedzi\u0146u<br \/>\nGarums [mm] 950 mm<\/p>\n","protected":false},"featured_media":119833,"template":"","meta":{"_acf_changed":false},"product_brand":[],"product_cat":[1003],"product_tag":[],"class_list":{"0":"post-148877","1":"product","2":"type-product","3":"status-publish","4":"has-post-thumbnail","6":"product_cat-snaipera-pistoles","8":"first","9":"onbackorder","10":"sale","11":"product-type-simple"},"acf":[],"_links":{"self":[{"href":"https:\/\/kingarms.ee\/lv\/wp-json\/wp\/v2\/product\/148877","targetHints":{"allow":["GET"]}}],"collection":[{"href":"https:\/\/kingarms.ee\/lv\/wp-json\/wp\/v2\/product"}],"about":[{"href":"https:\/\/kingarms.ee\/lv\/wp-json\/wp\/v2\/types\/product"}],"wp:featuredmedia":[{"embeddable":true,"href":"https:\/\/kingarms.ee\/lv\/wp-json\/wp\/v2\/media\/119833"}],"wp:attachment":[{"href":"https:\/\/kingarms.ee\/lv\/wp-json\/wp\/v2\/media?parent=148877"}],"wp:term":[{"taxonomy":"product_brand","embeddable":true,"href":"https:\/\/kingarms.ee\/lv\/wp-json\/wp\/v2\/product_brand?post=148877"},{"taxonomy":"product_cat","embeddable":true,"href":"https:\/\/kingarms.ee\/lv\/wp-json\/wp\/v2\/product_cat?post=148877"},{"taxonomy":"product_tag","embeddable":true,"href":"https:\/\/kingarms.ee\/lv\/wp-json\/wp\/v2\/product_tag?post=148877"}],"curies":[{"name":"wp","href":"https:\/\/api.w.org\/{rel}","templated":true}]}}