{"id":148881,"date":"2022-05-16T16:37:48","date_gmt":"2025-05-05T07:56:45","guid":{"rendered":"https:\/\/kingarms.ee\/product\/sw-04d-snaipera-sautenes-replika-modernizeta-well\/"},"modified":"2025-05-05T10:56:45","modified_gmt":"2025-05-05T07:56:45","slug":"sw-04d-snaipera-sautenes-replika-modernizeta-well","status":"publish","type":"product","link":"https:\/\/kingarms.ee\/lv\/product\/sw-04d-snaipera-sautenes-replika-modernizeta-well\/","title":{"rendered":"SW-04D Snaipera \u0161autenes replika, moderniz\u0113ta WELL"},"content":{"rendered":"","protected":false},"excerpt":{"rendered":"<p>SW-04D Snaipera \u0161autenes replika, moderniz\u0113ta WELL<\/p>\n<p>\u0100trums [FPS] ~ 500<br \/>\nUgunsgr\u0113ka veids<br \/>\nSvars [g] 3200<br \/>\n\u017durn\u0101la veids: \u017durn\u0101ls ar zemu v\u0101ci\u0146u<br \/>\n\u017durn\u0101la ietilp\u012bba [gab.] 20<br \/>\nHop-Up: J\u0101<br \/>\nIzgatavots no plastmasas + met\u0101la<br \/>\nDzin\u0113js \/ Dzin\u0113js ar atsperes piedzi\u0146u<br \/>\nStobra iek\u0161\u0113jais garums [mm] 520<br \/>\nGarums [mm] 1120-1170<\/p>\n","protected":false},"featured_media":119850,"template":"","meta":{"_acf_changed":false},"product_brand":[],"product_cat":[1003],"product_tag":[],"class_list":{"0":"post-148881","1":"product","2":"type-product","3":"status-publish","4":"has-post-thumbnail","6":"product_cat-snaipera-pistoles","8":"first","9":"onbackorder","10":"sale","11":"product-type-simple"},"acf":[],"_links":{"self":[{"href":"https:\/\/kingarms.ee\/lv\/wp-json\/wp\/v2\/product\/148881","targetHints":{"allow":["GET"]}}],"collection":[{"href":"https:\/\/kingarms.ee\/lv\/wp-json\/wp\/v2\/product"}],"about":[{"href":"https:\/\/kingarms.ee\/lv\/wp-json\/wp\/v2\/types\/product"}],"wp:featuredmedia":[{"embeddable":true,"href":"https:\/\/kingarms.ee\/lv\/wp-json\/wp\/v2\/media\/119850"}],"wp:attachment":[{"href":"https:\/\/kingarms.ee\/lv\/wp-json\/wp\/v2\/media?parent=148881"}],"wp:term":[{"taxonomy":"product_brand","embeddable":true,"href":"https:\/\/kingarms.ee\/lv\/wp-json\/wp\/v2\/product_brand?post=148881"},{"taxonomy":"product_cat","embeddable":true,"href":"https:\/\/kingarms.ee\/lv\/wp-json\/wp\/v2\/product_cat?post=148881"},{"taxonomy":"product_tag","embeddable":true,"href":"https:\/\/kingarms.ee\/lv\/wp-json\/wp\/v2\/product_tag?post=148881"}],"curies":[{"name":"wp","href":"https:\/\/api.w.org\/{rel}","templated":true}]}}