{"id":148885,"date":"2022-05-16T16:37:48","date_gmt":"2025-05-05T08:01:10","guid":{"rendered":"https:\/\/kingarms.ee\/product\/sw-04j-armijas-sautenes-replika-well\/"},"modified":"2025-05-05T11:01:10","modified_gmt":"2025-05-05T08:01:10","slug":"sw-04j-armijas-sautenes-replika-well","status":"publish","type":"product","link":"https:\/\/kingarms.ee\/lv\/product\/sw-04j-armijas-sautenes-replika-well\/","title":{"rendered":"SW-04J armijas \u0161autenes replika [WELL]"},"content":{"rendered":"","protected":false},"excerpt":{"rendered":"<p>SW-04J armijas \u0161autenes replika [WELL]<\/p>\n<p>Dzin\u0113js \/ Dzin\u0113js ar atsperes piedzi\u0146u<br \/>\nUgunsgr\u0113ka veids: Viens<br \/>\nIzgatavots no plastmasas + met\u0101la<br \/>\nGarums [mm] 1100<br \/>\nStobra iek\u0161\u0113jais garums [mm] 515<br \/>\nSvars [g] 3200<br \/>\n\u017durn\u0101la ietilp\u012bba [gab.] 25<br \/>\nHop-Up: J\u0101<br \/>\nAtpaka\u013c trieciens: N\u0113<br \/>\n\u0100trums [FPS] ~ 350<\/p>\n","protected":false},"featured_media":119890,"template":"","meta":{"_acf_changed":false},"product_brand":[],"product_cat":[1003],"product_tag":[],"class_list":{"0":"post-148885","1":"product","2":"type-product","3":"status-publish","4":"has-post-thumbnail","6":"product_cat-snaipera-pistoles","8":"first","9":"instock","10":"purchasable","11":"product-type-simple"},"acf":[],"_links":{"self":[{"href":"https:\/\/kingarms.ee\/lv\/wp-json\/wp\/v2\/product\/148885","targetHints":{"allow":["GET"]}}],"collection":[{"href":"https:\/\/kingarms.ee\/lv\/wp-json\/wp\/v2\/product"}],"about":[{"href":"https:\/\/kingarms.ee\/lv\/wp-json\/wp\/v2\/types\/product"}],"wp:featuredmedia":[{"embeddable":true,"href":"https:\/\/kingarms.ee\/lv\/wp-json\/wp\/v2\/media\/119890"}],"wp:attachment":[{"href":"https:\/\/kingarms.ee\/lv\/wp-json\/wp\/v2\/media?parent=148885"}],"wp:term":[{"taxonomy":"product_brand","embeddable":true,"href":"https:\/\/kingarms.ee\/lv\/wp-json\/wp\/v2\/product_brand?post=148885"},{"taxonomy":"product_cat","embeddable":true,"href":"https:\/\/kingarms.ee\/lv\/wp-json\/wp\/v2\/product_cat?post=148885"},{"taxonomy":"product_tag","embeddable":true,"href":"https:\/\/kingarms.ee\/lv\/wp-json\/wp\/v2\/product_tag?post=148885"}],"curies":[{"name":"wp","href":"https:\/\/api.w.org\/{rel}","templated":true}]}}