{"id":148887,"date":"2022-05-16T16:37:48","date_gmt":"2025-05-05T08:03:31","guid":{"rendered":"https:\/\/kingarms.ee\/product\/sa-s02-coretm-snaipera-sautenes-replika-well\/"},"modified":"2025-05-05T11:03:31","modified_gmt":"2025-05-05T08:03:31","slug":"sa-s02-coretm-snaipera-sautenes-replika-well","status":"publish","type":"product","link":"https:\/\/kingarms.ee\/lv\/product\/sa-s02-coretm-snaipera-sautenes-replika-well\/","title":{"rendered":"SA-S02 CORETM snaipera \u0161autenes replika [WELL]"},"content":{"rendered":"","protected":false},"excerpt":{"rendered":"<p>SA-S02 CORETM snaipera \u0161autenes replika [WELL]<\/p>\n<p>\u0100trums [FPS] ~ 420<br \/>\nUgunsgr\u0113ka veids: Viens<br \/>\nGarums [mm] 1135<br \/>\nStobra iek\u0161\u0113jais garums [mm] 485<br \/>\nSvars [g] 2815<br \/>\n\u017durn\u0101la ietilp\u012bba [gab.] 20<br \/>\nHop-Up: J\u0101<br \/>\nIzgatavots no plastmasas + met\u0101la<br \/>\nDzin\u0113js \/ Dzin\u0113js ar atsperes piedzi\u0146u<br \/>\n\u017durn\u0101la tips Low-Cap magazine<br \/>\nSeria: S s\u0113rija CORE\u2122<\/p>\n","protected":false},"featured_media":119897,"template":"","meta":{"_acf_changed":false},"product_brand":[],"product_cat":[1003],"product_tag":[],"class_list":{"0":"post-148887","1":"product","2":"type-product","3":"status-publish","4":"has-post-thumbnail","6":"product_cat-snaipera-pistoles","8":"first","9":"instock","10":"purchasable","11":"product-type-simple"},"acf":[],"_links":{"self":[{"href":"https:\/\/kingarms.ee\/lv\/wp-json\/wp\/v2\/product\/148887","targetHints":{"allow":["GET"]}}],"collection":[{"href":"https:\/\/kingarms.ee\/lv\/wp-json\/wp\/v2\/product"}],"about":[{"href":"https:\/\/kingarms.ee\/lv\/wp-json\/wp\/v2\/types\/product"}],"wp:featuredmedia":[{"embeddable":true,"href":"https:\/\/kingarms.ee\/lv\/wp-json\/wp\/v2\/media\/119897"}],"wp:attachment":[{"href":"https:\/\/kingarms.ee\/lv\/wp-json\/wp\/v2\/media?parent=148887"}],"wp:term":[{"taxonomy":"product_brand","embeddable":true,"href":"https:\/\/kingarms.ee\/lv\/wp-json\/wp\/v2\/product_brand?post=148887"},{"taxonomy":"product_cat","embeddable":true,"href":"https:\/\/kingarms.ee\/lv\/wp-json\/wp\/v2\/product_cat?post=148887"},{"taxonomy":"product_tag","embeddable":true,"href":"https:\/\/kingarms.ee\/lv\/wp-json\/wp\/v2\/product_tag?post=148887"}],"curies":[{"name":"wp","href":"https:\/\/api.w.org\/{rel}","templated":true}]}}