{"id":148898,"date":"2022-05-16T14:58:44","date_gmt":"2025-05-05T08:19:21","guid":{"rendered":"https:\/\/kingarms.ee\/product\/ble-xmk-kompaktas-pistoles-replika-ics\/"},"modified":"2025-05-05T11:19:21","modified_gmt":"2025-05-05T08:19:21","slug":"ble-xmk-kompaktas-pistoles-replika-ics","status":"publish","type":"product","link":"https:\/\/kingarms.ee\/lv\/product\/ble-xmk-kompaktas-pistoles-replika-ics\/","title":{"rendered":"BLE-XMK kompakt\u0101s pistoles replika [ICS]"},"content":{"rendered":"","protected":false},"excerpt":{"rendered":"<p>BLE-XMK kompakt\u0101s pistoles replika [ICS]<\/p>\n<p>\u0100trums [FPS]:~300<br \/>\nUgunsgr\u0113ka veids: Viens<br \/>\nGarums [mm] 211<br \/>\nSvars [g] 725<br \/>\n\u017durn\u0101la veids: \u017durn\u0101ls ar zemu v\u0101ci\u0146u<br \/>\n\u017durn\u0101la ietilp\u012bba [gab.] 17<br \/>\nHop-Up: J\u0101<br \/>\nAtgrie\u0161an\u0101s: J\u0101<br \/>\nIzgatavots no plastmasas + met\u0101la<br \/>\nG\u0101zes piedzi\u0146a &#8211; Za\u013c\u0101 g\u0101ze<br \/>\nStobra v\u012btnes tips 14 mm CCW<br \/>\nStobra iek\u0161\u0113jais garums [mm] 115<\/p>\n","protected":false},"featured_media":119752,"template":"","meta":{"_acf_changed":false},"product_brand":[],"product_cat":[1000],"product_tag":[],"class_list":{"0":"post-148898","1":"product","2":"type-product","3":"status-publish","4":"has-post-thumbnail","6":"product_cat-rokas-pistoles","8":"first","9":"instock","10":"taxable","11":"shipping-taxable","12":"purchasable","13":"product-type-simple"},"acf":[],"_links":{"self":[{"href":"https:\/\/kingarms.ee\/lv\/wp-json\/wp\/v2\/product\/148898","targetHints":{"allow":["GET"]}}],"collection":[{"href":"https:\/\/kingarms.ee\/lv\/wp-json\/wp\/v2\/product"}],"about":[{"href":"https:\/\/kingarms.ee\/lv\/wp-json\/wp\/v2\/types\/product"}],"wp:featuredmedia":[{"embeddable":true,"href":"https:\/\/kingarms.ee\/lv\/wp-json\/wp\/v2\/media\/119752"}],"wp:attachment":[{"href":"https:\/\/kingarms.ee\/lv\/wp-json\/wp\/v2\/media?parent=148898"}],"wp:term":[{"taxonomy":"product_brand","embeddable":true,"href":"https:\/\/kingarms.ee\/lv\/wp-json\/wp\/v2\/product_brand?post=148898"},{"taxonomy":"product_cat","embeddable":true,"href":"https:\/\/kingarms.ee\/lv\/wp-json\/wp\/v2\/product_cat?post=148898"},{"taxonomy":"product_tag","embeddable":true,"href":"https:\/\/kingarms.ee\/lv\/wp-json\/wp\/v2\/product_tag?post=148898"}],"curies":[{"name":"wp","href":"https:\/\/api.w.org\/{rel}","templated":true}]}}