{"id":148904,"date":"2022-05-16T14:10:54","date_gmt":"2025-05-05T08:26:48","guid":{"rendered":"https:\/\/kingarms.ee\/product\/erm-h-austinas\/"},"modified":"2025-05-05T11:26:48","modified_gmt":"2025-05-05T08:26:48","slug":"erm-h-austinas","status":"publish","type":"product","link":"https:\/\/kingarms.ee\/lv\/product\/erm-h-austinas\/","title":{"rendered":"ERM H austi\u0146as"},"content":{"rendered":"","protected":false},"excerpt":{"rendered":"<p>ERM austi\u0146as ir izgatavotas no iztur\u012bga polim\u0113ra un met\u0101la. \u0160\u012bs versijas austi\u0146\u0101m ir integr\u0113ts stiprin\u0101jums \u0137iver\u0113m, kas apr\u012bkotas ar speci\u0101l\u0101m mont\u0101\u017eas slied\u0113m.<br \/>\nT\u0101m nav akt\u012bv\u0101s trok\u0161\u0146u sl\u0101p\u0113\u0161anas funkcijas, un t\u0101s var izmantot k\u0101 klasisk\u0101s, sl\u0101p\u0113jo\u0161\u0101s austi\u0146as ar iesp\u0113ju piesl\u0113gties PTT (milit\u0101ra spraud\u0146a) pogai, k\u0101 ar\u012b sa\u0146emt\/nos\u016bt\u012bt zi\u0146ojumus, izmantojot ieb\u016bv\u0113tos ska\u013cru\u0146us un mikrofonu uz elast\u012bg\u0101 loka.<\/p>\n","protected":false},"featured_media":119539,"template":"","meta":{"_acf_changed":false},"product_brand":[],"product_cat":[1022,1024],"product_tag":[],"class_list":{"0":"post-148904","1":"product","2":"type-product","3":"status-publish","4":"has-post-thumbnail","6":"product_cat-aktivas-austinas","7":"product_cat-pasivas-austinas","9":"first","10":"instock","11":"purchasable","12":"product-type-simple"},"acf":[],"_links":{"self":[{"href":"https:\/\/kingarms.ee\/lv\/wp-json\/wp\/v2\/product\/148904","targetHints":{"allow":["GET"]}}],"collection":[{"href":"https:\/\/kingarms.ee\/lv\/wp-json\/wp\/v2\/product"}],"about":[{"href":"https:\/\/kingarms.ee\/lv\/wp-json\/wp\/v2\/types\/product"}],"wp:featuredmedia":[{"embeddable":true,"href":"https:\/\/kingarms.ee\/lv\/wp-json\/wp\/v2\/media\/119539"}],"wp:attachment":[{"href":"https:\/\/kingarms.ee\/lv\/wp-json\/wp\/v2\/media?parent=148904"}],"wp:term":[{"taxonomy":"product_brand","embeddable":true,"href":"https:\/\/kingarms.ee\/lv\/wp-json\/wp\/v2\/product_brand?post=148904"},{"taxonomy":"product_cat","embeddable":true,"href":"https:\/\/kingarms.ee\/lv\/wp-json\/wp\/v2\/product_cat?post=148904"},{"taxonomy":"product_tag","embeddable":true,"href":"https:\/\/kingarms.ee\/lv\/wp-json\/wp\/v2\/product_tag?post=148904"}],"curies":[{"name":"wp","href":"https:\/\/api.w.org\/{rel}","templated":true}]}}