{"id":148922,"date":"2022-05-16T14:10:54","date_gmt":"2025-05-05T08:50:30","guid":{"rendered":"https:\/\/kingarms.ee\/product\/contour-cleas-blasses-bolle\/"},"modified":"2025-05-05T11:50:30","modified_gmt":"2025-05-05T08:50:30","slug":"contour-cleas-blasses-bolle","status":"publish","type":"product","link":"https:\/\/kingarms.ee\/lv\/product\/contour-cleas-blasses-bolle\/","title":{"rendered":"Contour Cleas Blasses Bolle"},"content":{"rendered":"","protected":false},"excerpt":{"rendered":"<p>Contour Cleas Blasses Bolle<\/p>\n<p>\u0112rtas, vieglas un elegantas aizsargbrilles ar met\u0101la r\u0101mi, kas apr\u012bkots ar atsperu templ\u012b\u0161iem un kas viet\u0101s, kur saskaras ar \u0137ermeni, ir apdarin\u0101ts ar pretsl\u012bdes gumijas sl\u0101ni. T\u0101s aizsarg\u0101 ne tikai no meh\u0101niskiem ievainojumiem un UV starojuma, bet ar\u012b no p\u0113k\u0161\u0146as liesmas iedarb\u012bbas (l\u012bdz 420 gr\u0101du temperat\u016brai p\u0113c Celsija).<br \/>\nDro\u0161\u012bba un iztur\u012bba<br \/>\nBrill\u0113m ir \u013coti augsta l\u0113cas ciet\u012bbas koeficienta F v\u0113rt\u012bba, kas atbilst airsoft apst\u0101k\u013ciem. Tas izsaka materi\u0101la meh\u0101nisko iztur\u012bbu. \u0160aj\u0101 gad\u012bjum\u0101 m\u0113s str\u0101d\u0101jam ar zemas ener\u0123ijas trieciena pretest\u012bbu. L\u0113c\u0101m j\u0101iztur 6 mm 0,86 g t\u0113rauda lod\u012btes trieciens, kas p\u0101rvietojas ar \u0101trumu 45 m\/s. P\u0101rr\u0113\u0137inot &#8211; t\u0101 rezult\u0101ts ir kin\u0113tisk\u0101 ener\u0123ija 0,87 J.<br \/>\nOptisk\u0101 klase<br \/>\nObjekt\u012bva optisko klasi nosaka, pamatojoties uz t\u0101 optiskajiem parametriem. Acu un sejas aizsardz\u012bbas l\u012bdzek\u013ci ir iedal\u012bti tr\u012bs klas\u0113s. 1. optisk\u0101s klases l\u0113cas ir paredz\u0113tas past\u0101v\u012bgai lieto\u0161anai ( t\u0101p\u0113c \u0161\u012bs brilles var izmantot ar\u012b k\u0101 saulesbrilles vai ikdienas lieto\u0161anas aizsargbrilles ), savuk\u0101rt 3. optisk\u0101s klases brilles ir paredz\u0113tas \u012bslaic\u012bgai lieto\u0161anai.<\/p>\n<p><span style=\"color: #ff0000;\">NB! Produkts Neveido Ballistisko Acu Aizsarziebu, un tas \u0161im nool\u016bkam Uzmanto nav Pretrun\u0101 ar pareddz\u012bto izmate\u0161anu. <\/span><br \/>\n<span style=\"color: #ff0000;\">The seller and the manufacturer are not responsible for using the product to protect the user\u2019s eyes in airsoft games with the use of airsoft replicas. This also applies to any possible health related issues of the user or damage to property, and the product complaint does not apply. <\/span><\/p>\n","protected":false},"featured_media":119577,"template":"","meta":{"_acf_changed":false},"product_brand":[],"product_cat":[1085],"product_tag":[],"class_list":{"0":"post-148922","1":"product","2":"type-product","3":"status-publish","4":"has-post-thumbnail","6":"product_cat-airsoft-brilles","8":"first","9":"instock","10":"purchasable","11":"product-type-simple"},"acf":[],"_links":{"self":[{"href":"https:\/\/kingarms.ee\/lv\/wp-json\/wp\/v2\/product\/148922","targetHints":{"allow":["GET"]}}],"collection":[{"href":"https:\/\/kingarms.ee\/lv\/wp-json\/wp\/v2\/product"}],"about":[{"href":"https:\/\/kingarms.ee\/lv\/wp-json\/wp\/v2\/types\/product"}],"wp:featuredmedia":[{"embeddable":true,"href":"https:\/\/kingarms.ee\/lv\/wp-json\/wp\/v2\/media\/119577"}],"wp:attachment":[{"href":"https:\/\/kingarms.ee\/lv\/wp-json\/wp\/v2\/media?parent=148922"}],"wp:term":[{"taxonomy":"product_brand","embeddable":true,"href":"https:\/\/kingarms.ee\/lv\/wp-json\/wp\/v2\/product_brand?post=148922"},{"taxonomy":"product_cat","embeddable":true,"href":"https:\/\/kingarms.ee\/lv\/wp-json\/wp\/v2\/product_cat?post=148922"},{"taxonomy":"product_tag","embeddable":true,"href":"https:\/\/kingarms.ee\/lv\/wp-json\/wp\/v2\/product_tag?post=148922"}],"curies":[{"name":"wp","href":"https:\/\/api.w.org\/{rel}","templated":true}]}}