{"id":148929,"date":"2022-05-16T14:10:44","date_gmt":"2025-05-05T08:59:41","guid":{"rendered":"https:\/\/kingarms.ee\/product\/stalker-evo-plus-maskas-galigais-taktiskais\/"},"modified":"2025-05-05T11:59:41","modified_gmt":"2025-05-05T08:59:41","slug":"stalker-evo-plus-maskas-galigais-taktiskais","status":"publish","type":"product","link":"https:\/\/kingarms.ee\/lv\/product\/stalker-evo-plus-maskas-galigais-taktiskais\/","title":{"rendered":"Stalker evo plus maskas gal\u012bgais taktiskais"},"content":{"rendered":"","protected":false},"excerpt":{"rendered":"<p>Stalker evo plus maskas gal\u012bgais taktiskais<\/p>\n<p>Stalker tipa maska no EVO izdevuma ar papildu ausu aizsardz\u012bbu. Maska ir izgatavota no iztur\u012bga neilona, kas ap\u0146em t\u0101s \u0101r\u0113jo da\u013cu, un iztur\u012bga, bet viegla t\u0113rauda sieta. Maskas iek\u0161pus\u0113, uz vaigiem, ir \u013coti pat\u012bkams, putu sieta oder\u0113jums, kas uzlabo valk\u0101\u0161anas komfortu. K\u0101 papildu aizsardz\u012bbas l\u012bdzeklis maskas s\u0101nos ir iestr\u0101d\u0101ts sieti\u0146\u0161, kam paredz\u0113ts pasarg\u0101t ausis no boj\u0101jumiem. Sieti\u0146\u0161 ir p\u0101rkl\u0101ts ar \u012bpa\u0161u lamin\u0101tu, kas to padara iztur\u012bgu pret laikapst\u0101k\u013ciem un r\u016bsu. Maska praktiski pati piel\u0101gojas lietot\u0101ja sejai, atst\u0101jot iev\u0113rojamu br\u012bvas elpo\u0161anas komfortu, vienlaikus nodro\u0161inot neaizsarg\u0101to sejas da\u013cu aizseg\u0161anu. Stabilit\u0101ti nodro\u0161ina 4 regul\u0113jamas siksnas ar pla\u0161u centr\u0101lo siksnu, kas stiepjas p\u0101ri liel\u0101kajai da\u013cai galvas aizmugures.      <\/p>\n","protected":false},"featured_media":119615,"template":"","meta":{"_acf_changed":false},"product_brand":[],"product_cat":[1081],"product_tag":[],"class_list":{"0":"post-148929","1":"product","2":"type-product","3":"status-publish","4":"has-post-thumbnail","6":"product_cat-bez-kiveres-stiprinajuma","8":"first","9":"onbackorder","10":"product-type-simple"},"acf":[],"_links":{"self":[{"href":"https:\/\/kingarms.ee\/lv\/wp-json\/wp\/v2\/product\/148929","targetHints":{"allow":["GET"]}}],"collection":[{"href":"https:\/\/kingarms.ee\/lv\/wp-json\/wp\/v2\/product"}],"about":[{"href":"https:\/\/kingarms.ee\/lv\/wp-json\/wp\/v2\/types\/product"}],"wp:featuredmedia":[{"embeddable":true,"href":"https:\/\/kingarms.ee\/lv\/wp-json\/wp\/v2\/media\/119615"}],"wp:attachment":[{"href":"https:\/\/kingarms.ee\/lv\/wp-json\/wp\/v2\/media?parent=148929"}],"wp:term":[{"taxonomy":"product_brand","embeddable":true,"href":"https:\/\/kingarms.ee\/lv\/wp-json\/wp\/v2\/product_brand?post=148929"},{"taxonomy":"product_cat","embeddable":true,"href":"https:\/\/kingarms.ee\/lv\/wp-json\/wp\/v2\/product_cat?post=148929"},{"taxonomy":"product_tag","embeddable":true,"href":"https:\/\/kingarms.ee\/lv\/wp-json\/wp\/v2\/product_tag?post=148929"}],"curies":[{"name":"wp","href":"https:\/\/api.w.org\/{rel}","templated":true}]}}