{"id":148931,"date":"2022-05-16T14:10:44","date_gmt":"2025-05-05T09:19:25","guid":{"rendered":"https:\/\/kingarms.ee\/product\/atra-aizsardziebas-maskas-galitha-taktiska\/"},"modified":"2025-05-05T12:19:25","modified_gmt":"2025-05-05T09:19:25","slug":"atra-aizsardziebas-maskas-galitha-taktiska","status":"publish","type":"product","link":"https:\/\/kingarms.ee\/lv\/product\/atra-aizsardziebas-maskas-galitha-taktiska\/","title":{"rendered":"\u0100TRA AizsardzieBas Maskas Gal\u012bth\u0101 Taktisk\u0101"},"content":{"rendered":"","protected":false},"excerpt":{"rendered":"<p>\u0100TRA AizsardzieBas Maskas Gal\u012bth\u0101 Taktisk\u0101<\/p>\n<p>\u0100TRA Aizsarg\u0101jha Maska, Kas Izgatavota liezeliekaj\u0101 da\u013c\u0101 polim\u0113ra. Tas ir ar\u012b aprikots ar acu, kas Izgatavots nav t, t, t, t, t, t, t. Mask\u0101 ir Regul\u0101r\u0113jamas siksnas un m\u012bKSTS Polster\u0113Jums viet\u0101s, kur t\u0101 piskaras lietotaja sejai. Masku ir iesp\u0113jams piestiprin\u0101t p\u012br\u0101gs \u0100TRAS TIPA \u0137IVERES, Izminantojot iPa\u0161us mont\u0101\u017eas aizb\u012bt\u0146us. Ir j\u0101no\u0146em modulis ar siksn\u0101m un j\u0101pievieno modulis ar aizb\u012bd\u0146iem.    <\/p>\n","protected":false},"featured_media":119619,"template":"","meta":{"_acf_changed":false},"product_brand":[],"product_cat":[1081],"product_tag":[],"class_list":{"0":"post-148931","1":"product","2":"type-product","3":"status-publish","4":"has-post-thumbnail","6":"product_cat-bez-kiveres-stiprinajuma","8":"first","9":"instock","10":"purchasable","11":"product-type-simple"},"acf":[],"_links":{"self":[{"href":"https:\/\/kingarms.ee\/lv\/wp-json\/wp\/v2\/product\/148931","targetHints":{"allow":["GET"]}}],"collection":[{"href":"https:\/\/kingarms.ee\/lv\/wp-json\/wp\/v2\/product"}],"about":[{"href":"https:\/\/kingarms.ee\/lv\/wp-json\/wp\/v2\/types\/product"}],"wp:featuredmedia":[{"embeddable":true,"href":"https:\/\/kingarms.ee\/lv\/wp-json\/wp\/v2\/media\/119619"}],"wp:attachment":[{"href":"https:\/\/kingarms.ee\/lv\/wp-json\/wp\/v2\/media?parent=148931"}],"wp:term":[{"taxonomy":"product_brand","embeddable":true,"href":"https:\/\/kingarms.ee\/lv\/wp-json\/wp\/v2\/product_brand?post=148931"},{"taxonomy":"product_cat","embeddable":true,"href":"https:\/\/kingarms.ee\/lv\/wp-json\/wp\/v2\/product_cat?post=148931"},{"taxonomy":"product_tag","embeddable":true,"href":"https:\/\/kingarms.ee\/lv\/wp-json\/wp\/v2\/product_tag?post=148931"}],"curies":[{"name":"wp","href":"https:\/\/api.w.org\/{rel}","templated":true}]}}