{"id":148936,"date":"2022-05-14T17:45:17","date_gmt":"2025-05-05T10:31:45","guid":{"rendered":"https:\/\/kingarms.ee\/product\/8x21-binoklis-prooptic\/"},"modified":"2025-05-05T13:31:45","modified_gmt":"2025-05-05T10:31:45","slug":"8x21-binoklis-prooptic","status":"publish","type":"product","link":"https:\/\/kingarms.ee\/lv\/product\/8x21-binoklis-prooptic\/","title":{"rendered":"8&#215;21 binoklis Prooptic"},"content":{"rendered":"","protected":false},"excerpt":{"rendered":"<p>8&#215;21 binoklis Prooptic<\/p>\n<p>Binoklis ar objekt\u012bva diametru 21 mm un regul\u0113jamu palielin\u0101jumu 8x. Ier\u012bce apvieno augstu izgatavo\u0161anas standartu un \u013coti labas optisk\u0101s \u012bpa\u0161\u012bbas. Izstr\u0101d\u0101jumam ir kompakti izm\u0113ri, kas v\u0113l vair\u0101k samazin\u0101s, kad ier\u012bce ir saloc\u012bta. \u0160\u012b mode\u013ca l\u0113c\u0101m ir magnija fluor\u012bda p\u0101rkl\u0101jums. Tie nodro\u0161ina augst\u0101ku gaismas caurlaid\u012bbas koeficientu un dabisku kr\u0101su atveidi. Tie ar\u012b nov\u0113r\u0161 atspulgu veido\u0161anos. Binoklim ir \u0113rti turams, iztur\u012bgs plastmasas korpuss.<\/p>\n","protected":false},"featured_media":119140,"template":"","meta":{"_acf_changed":false},"product_brand":[],"product_cat":[1043],"product_tag":[],"class_list":{"0":"post-148936","1":"product","2":"type-product","3":"status-publish","4":"has-post-thumbnail","6":"product_cat-biloklalis","8":"first","9":"instock","10":"purchasable","11":"product-type-simple"},"acf":[],"_links":{"self":[{"href":"https:\/\/kingarms.ee\/lv\/wp-json\/wp\/v2\/product\/148936","targetHints":{"allow":["GET"]}}],"collection":[{"href":"https:\/\/kingarms.ee\/lv\/wp-json\/wp\/v2\/product"}],"about":[{"href":"https:\/\/kingarms.ee\/lv\/wp-json\/wp\/v2\/types\/product"}],"wp:featuredmedia":[{"embeddable":true,"href":"https:\/\/kingarms.ee\/lv\/wp-json\/wp\/v2\/media\/119140"}],"wp:attachment":[{"href":"https:\/\/kingarms.ee\/lv\/wp-json\/wp\/v2\/media?parent=148936"}],"wp:term":[{"taxonomy":"product_brand","embeddable":true,"href":"https:\/\/kingarms.ee\/lv\/wp-json\/wp\/v2\/product_brand?post=148936"},{"taxonomy":"product_cat","embeddable":true,"href":"https:\/\/kingarms.ee\/lv\/wp-json\/wp\/v2\/product_cat?post=148936"},{"taxonomy":"product_tag","embeddable":true,"href":"https:\/\/kingarms.ee\/lv\/wp-json\/wp\/v2\/product_tag?post=148936"}],"curies":[{"name":"wp","href":"https:\/\/api.w.org\/{rel}","templated":true}]}}