{"id":148938,"date":"2022-05-14T17:45:17","date_gmt":"2025-05-05T10:34:44","guid":{"rendered":"https:\/\/kingarms.ee\/product\/binokli-8x21-prooptic\/"},"modified":"2025-05-05T13:34:44","modified_gmt":"2025-05-05T10:34:44","slug":"binokli-8x21-prooptic","status":"publish","type":"product","link":"https:\/\/kingarms.ee\/lv\/product\/binokli-8x21-prooptic\/","title":{"rendered":"Binokli 8&#215;21 prooptic"},"content":{"rendered":"","protected":false},"excerpt":{"rendered":"<p>Binokli 8&#215;21 prooptic<\/p>\n<p>Kompakts, \u013coti viegls binoklis (700 g) ar 21 mm objekt\u012bva diametru un 8x regul\u0113jamu palielin\u0101jumu. Ier\u012bce apvieno augstu izgatavo\u0161anas standartu un \u013coti labas optisk\u0101s \u012bpa\u0161\u012bbas. Prezent\u0113t\u0101 mode\u013ca l\u0113cas ir p\u0101rkl\u0101tas ar magnija fluor\u012bda p\u0101rkl\u0101jumu. Tie nodro\u0161ina augst\u0101ku gaismas caurlaid\u012bbas koeficientu un dabisku kr\u0101su atveidi. Tie ar\u012b nov\u0113r\u0161 atsp\u012bdumus. Binoklim ir \u0113rts, iztur\u012bgs korpuss, kas ir papildus aizsarg\u0101ts ar gumijas sl\u0101ni.<\/p>\n","protected":false},"featured_media":119150,"template":"","meta":{"_acf_changed":false},"product_brand":[],"product_cat":[1043],"product_tag":[],"class_list":{"0":"post-148938","1":"product","2":"type-product","3":"status-publish","4":"has-post-thumbnail","6":"product_cat-biloklalis","8":"first","9":"instock","10":"purchasable","11":"product-type-simple"},"acf":[],"_links":{"self":[{"href":"https:\/\/kingarms.ee\/lv\/wp-json\/wp\/v2\/product\/148938","targetHints":{"allow":["GET"]}}],"collection":[{"href":"https:\/\/kingarms.ee\/lv\/wp-json\/wp\/v2\/product"}],"about":[{"href":"https:\/\/kingarms.ee\/lv\/wp-json\/wp\/v2\/types\/product"}],"wp:featuredmedia":[{"embeddable":true,"href":"https:\/\/kingarms.ee\/lv\/wp-json\/wp\/v2\/media\/119150"}],"wp:attachment":[{"href":"https:\/\/kingarms.ee\/lv\/wp-json\/wp\/v2\/media?parent=148938"}],"wp:term":[{"taxonomy":"product_brand","embeddable":true,"href":"https:\/\/kingarms.ee\/lv\/wp-json\/wp\/v2\/product_brand?post=148938"},{"taxonomy":"product_cat","embeddable":true,"href":"https:\/\/kingarms.ee\/lv\/wp-json\/wp\/v2\/product_cat?post=148938"},{"taxonomy":"product_tag","embeddable":true,"href":"https:\/\/kingarms.ee\/lv\/wp-json\/wp\/v2\/product_tag?post=148938"}],"curies":[{"name":"wp","href":"https:\/\/api.w.org\/{rel}","templated":true}]}}